{"id":2055,"date":"2025-10-22T19:08:44","date_gmt":"2025-10-22T16:08:44","guid":{"rendered":"https:\/\/pipraveski.ee\/?post_type=product&#038;p=2055"},"modified":"2026-04-17T11:32:45","modified_gmt":"2026-04-17T08:32:45","slug":"kaste-metsmarja-habanero-bio-40-ml","status":"publish","type":"product","link":"https:\/\/pipraveski.ee\/en\/product\/kaste-metsmarja-habanero-bio-40-ml\/","title":{"rendered":"Sauce, Forest Berry Habanero, Organic 40 ml"},"content":{"rendered":"<p>Wild Berries Habanero kuum kaste on Rootsi vastus Tabasco kastmele. Selle kastme saladuseks on mets-Rootsi j\u00f5hvikad ja mustikad. Rootsi metsamarjade puuviljane intensiivne maitse tekib koheselt keelele koos tulise tammek\u00e4\u00e4ritatud Habanero t\u0161illiga. Wild Berries Habanero kuum kaste sobib suurep\u00e4raselt ulukiliharoogade, hautiste ja grill-liha k\u00f5rvale.<\/p>\n<p>Sk\u00e5nski t\u0161illikastmed on kirgliku orgaanilise t\u0161illi kasvatamise ja kvaliteetse toidu tootmise tulemus. Sk\u00e5nsk Chili ei taha toota ainult v\u00f5imalikult v\u00fcrtsikaid t\u0161illikasteid, vaid ka erineva kuumusastme ja tugeva iseloomuga, eriti rikkaliku maitse ja k\u00f5rge \u00e4ratundmisv\u00e4\u00e4rtusega t\u0161illikastmeid.<\/p>\n<p>Shelf life \/ Storage<br \/>\nEnne kasutamist loksutada. P\u00e4rast avamist hoida jahedas.<\/p>\n<p>Koostisosad: Paprika, \u00f5unamahl, sidrunimahl, \u00e4\u00e4dikas, sool, guarkummi.<\/p>\n<p>Nutritional value per 100g:<br \/>\nEnergia 104KJ\/25kcal<br \/>\nRasv 0,1g<br \/>\nof which saturated fatty acids 0g<br \/>\nS\u00fcsivesikud 11,1g<br \/>\nmillest suhkur 2,3g<br \/>\nValk 0,7g<br \/>\nSool 2,5g<\/p>","protected":false},"excerpt":{"rendered":"<p>Selle kastme saladuseks on mets-Rootsi j\u00f5hvikad ja mustikad<\/p>","protected":false},"featured_media":2085,"template":"","meta":[],"product_brand":[],"product_cat":[317],"product_tag":[],"class_list":{"0":"post-2055","1":"product","2":"type-product","3":"status-publish","4":"has-post-thumbnail","6":"product_cat-kastmed-sinepid-tsatnid","8":"first","9":"outofstock","10":"taxable","11":"shipping-taxable","12":"purchasable","13":"product-type-simple"},"_links":{"self":[{"href":"https:\/\/pipraveski.ee\/en\/wp-json\/wp\/v2\/product\/2055","targetHints":{"allow":["GET"]}}],"collection":[{"href":"https:\/\/pipraveski.ee\/en\/wp-json\/wp\/v2\/product"}],"about":[{"href":"https:\/\/pipraveski.ee\/en\/wp-json\/wp\/v2\/types\/product"}],"wp:featuredmedia":[{"embeddable":true,"href":"https:\/\/pipraveski.ee\/en\/wp-json\/wp\/v2\/media\/2085"}],"wp:attachment":[{"href":"https:\/\/pipraveski.ee\/en\/wp-json\/wp\/v2\/media?parent=2055"}],"wp:term":[{"taxonomy":"product_brand","embeddable":true,"href":"https:\/\/pipraveski.ee\/en\/wp-json\/wp\/v2\/product_brand?post=2055"},{"taxonomy":"product_cat","embeddable":true,"href":"https:\/\/pipraveski.ee\/en\/wp-json\/wp\/v2\/product_cat?post=2055"},{"taxonomy":"product_tag","embeddable":true,"href":"https:\/\/pipraveski.ee\/en\/wp-json\/wp\/v2\/product_tag?post=2055"}],"curies":[{"name":"wp","href":"https:\/\/api.w.org\/{rel}","templated":true}]}}