{"id":2054,"date":"2025-10-22T19:08:44","date_gmt":"2025-10-22T16:08:44","guid":{"rendered":"https:\/\/pipraveski.ee\/?post_type=product&#038;p=2054"},"modified":"2026-04-17T11:32:16","modified_gmt":"2026-04-17T08:32:16","slug":"sushi-ingver-roosa-240g","status":"publish","type":"product","link":"https:\/\/pipraveski.ee\/en\/product\/sushi-ingver-roosa-240g\/","title":{"rendered":"Sushi ginger, pink, 240g"},"content":{"rendered":"<p>Ingver, marineeritud.<br \/>\nSushi ingver on t\u00e4htis osa sushi k\u00f5rvale. Sushi ingverit kasutatakse maitsemeele puhastamiseks sushiampsude vahel.<\/p>\n<p>Koostisosad: ingver 66,7%, vesi, sool, s\u00e4ilitusaine: kaaliumsorbaat, happesuse regulaatorid: sidrunhape ja \u00e4\u00e4dikhape, magusained: aspartaam, sukraloos, atsesulfaamkaalium, v\u00e4rvaine: E163.<\/p>\n<p>Store in the refrigerator after opening.<\/p>\n<p>Nutrition information per 100g<br \/>\nEnergiasisaldus 69 kJ \/ 16 kcal<br \/>\nFats 0,2g<br \/>\nmillest k\u00fcllastunud rasvhapped 0,16g<br \/>\nS\u00fcsivesikud 5g<br \/>\nmillest suhkrud 4,4g<br \/>\nValgud 0,2g<br \/>\nSalt 3g<br \/>\n&nbsp;<\/p>","protected":false},"excerpt":{"rendered":"<p>Marineeritud ingver<\/p>","protected":false},"featured_media":2084,"template":"","meta":[],"product_brand":[],"product_cat":[323],"product_tag":[],"class_list":{"0":"post-2054","1":"product","2":"type-product","3":"status-publish","4":"has-post-thumbnail","6":"product_cat-konservid","8":"first","9":"instock","10":"taxable","11":"shipping-taxable","12":"purchasable","13":"product-type-simple"},"_links":{"self":[{"href":"https:\/\/pipraveski.ee\/en\/wp-json\/wp\/v2\/product\/2054","targetHints":{"allow":["GET"]}}],"collection":[{"href":"https:\/\/pipraveski.ee\/en\/wp-json\/wp\/v2\/product"}],"about":[{"href":"https:\/\/pipraveski.ee\/en\/wp-json\/wp\/v2\/types\/product"}],"wp:featuredmedia":[{"embeddable":true,"href":"https:\/\/pipraveski.ee\/en\/wp-json\/wp\/v2\/media\/2084"}],"wp:attachment":[{"href":"https:\/\/pipraveski.ee\/en\/wp-json\/wp\/v2\/media?parent=2054"}],"wp:term":[{"taxonomy":"product_brand","embeddable":true,"href":"https:\/\/pipraveski.ee\/en\/wp-json\/wp\/v2\/product_brand?post=2054"},{"taxonomy":"product_cat","embeddable":true,"href":"https:\/\/pipraveski.ee\/en\/wp-json\/wp\/v2\/product_cat?post=2054"},{"taxonomy":"product_tag","embeddable":true,"href":"https:\/\/pipraveski.ee\/en\/wp-json\/wp\/v2\/product_tag?post=2054"}],"curies":[{"name":"wp","href":"https:\/\/api.w.org\/{rel}","templated":true}]}}