{"id":2052,"date":"2025-10-22T19:08:44","date_gmt":"2025-10-22T16:08:44","guid":{"rendered":"https:\/\/pipraveski.ee\/?post_type=product&#038;p=2052"},"modified":"2026-04-17T11:32:27","modified_gmt":"2026-04-17T08:32:27","slug":"loorberilehed-india-30g","status":"publish","type":"product","link":"https:\/\/pipraveski.ee\/en\/product\/loorberilehed-india-30g\/","title":{"rendered":"Loorberilehed, India, TRS, 30g"},"content":{"rendered":"<p><span style=\"font-size:14px\">Kuivatatud India loorberi lehed.<br \/>\nLoorberilehte kasutatakse suppides, hautistes, liharoogades, mereandide ja k\u00f6\u00f6giviljatoitudega.<br \/>\n<span style=\"font-family: Martel, sans-serif\">Suppidele lisage loorberilehed 5 ja praadidele umbes 10 minutit enne valmimist. Kastmeid maitsestage peenestatud loorberilehtedega p\u00e4rast tulelt v\u00f5tmist, kui kastme temperatuur ei \u00fcleta 40 kraadi.&nbsp;Loorberit kasutatakse ka k\u00f6\u00f6giviljade ja seente marineerimisel-hapendamisel, liha-, kala- ning k\u00f6\u00f6giviljakonservides.<\/span><\/p>\n<p><span style=\"font-family: Martel, sans-serif\">Loorberilehed sisaldavad 2\u20133,5% eeterlikke \u00f5lisid (\u00fclekaalus pineen ja tsineool), \u00e4\u00e4dik-, palderjan- ja kapronhapet. \u00d5li m\u00f5jub tasakaalustavalt ja taastavalt n\u00e4rvis\u00fcsteemile ning takistab p\u00e4rmseente, bakterite ja viiruste levikut.<\/span><\/span><\/p>","protected":false},"excerpt":{"rendered":"<p>Kuivatatud India loorberi lehed.<\/p>","protected":false},"featured_media":2082,"template":"","meta":[],"product_brand":[],"product_cat":[338],"product_tag":[],"class_list":{"0":"post-2052","1":"product","2":"type-product","3":"status-publish","4":"has-post-thumbnail","6":"product_cat-puhtad-maitsed","8":"first","9":"instock","10":"taxable","11":"shipping-taxable","12":"purchasable","13":"product-type-simple"},"_links":{"self":[{"href":"https:\/\/pipraveski.ee\/en\/wp-json\/wp\/v2\/product\/2052","targetHints":{"allow":["GET"]}}],"collection":[{"href":"https:\/\/pipraveski.ee\/en\/wp-json\/wp\/v2\/product"}],"about":[{"href":"https:\/\/pipraveski.ee\/en\/wp-json\/wp\/v2\/types\/product"}],"wp:featuredmedia":[{"embeddable":true,"href":"https:\/\/pipraveski.ee\/en\/wp-json\/wp\/v2\/media\/2082"}],"wp:attachment":[{"href":"https:\/\/pipraveski.ee\/en\/wp-json\/wp\/v2\/media?parent=2052"}],"wp:term":[{"taxonomy":"product_brand","embeddable":true,"href":"https:\/\/pipraveski.ee\/en\/wp-json\/wp\/v2\/product_brand?post=2052"},{"taxonomy":"product_cat","embeddable":true,"href":"https:\/\/pipraveski.ee\/en\/wp-json\/wp\/v2\/product_cat?post=2052"},{"taxonomy":"product_tag","embeddable":true,"href":"https:\/\/pipraveski.ee\/en\/wp-json\/wp\/v2\/product_tag?post=2052"}],"curies":[{"name":"wp","href":"https:\/\/api.w.org\/{rel}","templated":true}]}}