{"id":205,"date":"2025-10-22T19:01:17","date_gmt":"2025-10-22T16:01:17","guid":{"rendered":"https:\/\/pipraveski.ee\/?post_type=product&#038;p=205"},"modified":"2026-04-17T11:31:49","modified_gmt":"2026-04-17T08:31:49","slug":"masala-chana-mdh-100g","status":"publish","type":"product","link":"https:\/\/pipraveski.ee\/en\/product\/masala-chana-mdh-100g\/","title":{"rendered":"Masala, Chana, MDH, 100g"},"content":{"rendered":"<p>MDH Chana Masala on parim koostisosa piprase, maitseka ja maitsva chana masala valmistamiseks.<br \/>\nKui soovite, et chana masala oleks v\u00fcrtsikam, lisage koos MDH Chana Masalaga t\u00e4iendavaid v\u00fcrtse.<br \/>\nSee on lihtne retsept Channa masala pulbri jaoks, mida on lihtne valmistada ja mis maitseb m\u00e4rkimisv\u00e4\u00e4rselt.<\/p>\n<p><strong>Ingredients:<\/strong> koriandriseemned, kuivatatud mangopulber, jodeeritud sool, k\u00f6\u00f6mned, punased t\u0161illi, kachri, kuivatatud granaat\u00f5unaseemned, must sool, lambal\u00e4\u00e4tse lehed, must pipar, kuivatatud ingver, piparm\u00fcnt, kassia, suured kardemoni seemned, nelk, muskaatp\u00e4hkel.<br \/>\n<strong>Allergens:<\/strong> V\u00f5ib sisaldada sinepit.<\/p>\n<p>Nutrition information per 100 g<br \/>\nEnergiasisaldus 1008 kJ \/ 241 kcal<br \/>\nRasvad 9,2 g<br \/>\nmillest k\u00fcllastunud rasvhappeid 0,0 g<br \/>\nS\u00fcsivesikuid 30 g<br \/>\nof which sugars 0,0 g<br \/>\nValgud 9,6 g<br \/>\nSool 17 g<\/p>\n<p>Country of origin: India<\/p>","protected":false},"excerpt":{"rendered":"<p>V\u00fcrtsisegu kikerhernestele.<\/p>","protected":false},"featured_media":234,"template":"","meta":[],"product_brand":[262],"product_cat":[307],"product_tag":[],"class_list":{"0":"post-205","1":"product","2":"type-product","3":"status-publish","4":"has-post-thumbnail","6":"product_brand-mdh","7":"product_cat-maitseainesegud","9":"first","10":"instock","11":"taxable","12":"shipping-taxable","13":"purchasable","14":"product-type-simple"},"_links":{"self":[{"href":"https:\/\/pipraveski.ee\/en\/wp-json\/wp\/v2\/product\/205","targetHints":{"allow":["GET"]}}],"collection":[{"href":"https:\/\/pipraveski.ee\/en\/wp-json\/wp\/v2\/product"}],"about":[{"href":"https:\/\/pipraveski.ee\/en\/wp-json\/wp\/v2\/types\/product"}],"wp:featuredmedia":[{"embeddable":true,"href":"https:\/\/pipraveski.ee\/en\/wp-json\/wp\/v2\/media\/234"}],"wp:attachment":[{"href":"https:\/\/pipraveski.ee\/en\/wp-json\/wp\/v2\/media?parent=205"}],"wp:term":[{"taxonomy":"product_brand","embeddable":true,"href":"https:\/\/pipraveski.ee\/en\/wp-json\/wp\/v2\/product_brand?post=205"},{"taxonomy":"product_cat","embeddable":true,"href":"https:\/\/pipraveski.ee\/en\/wp-json\/wp\/v2\/product_cat?post=205"},{"taxonomy":"product_tag","embeddable":true,"href":"https:\/\/pipraveski.ee\/en\/wp-json\/wp\/v2\/product_tag?post=205"}],"curies":[{"name":"wp","href":"https:\/\/api.w.org\/{rel}","templated":true}]}}