{"id":2049,"date":"2025-10-22T19:08:43","date_gmt":"2025-10-22T16:08:43","guid":{"rendered":"https:\/\/pipraveski.ee\/?post_type=product&#038;p=2049"},"modified":"2026-04-17T11:31:49","modified_gmt":"2026-04-17T08:31:49","slug":"palsamiaadika-kreem-100ml","status":"publish","type":"product","link":"https:\/\/pipraveski.ee\/en\/product\/palsamiaadika-kreem-100ml\/","title":{"rendered":"Palsami\u00e4\u00e4dika kreem, 100ml"},"content":{"rendered":"<p>Leonardi <em>Crema di Balsamico Glaze<\/em> (palsami\u00e4\u00e4dika kreem) on ideaalne lisand suppidele, segasalatitele, v\u00f5ileibadele, salaamile, singile, kalale, r\u00f6stitud ja grillitud lihale, pitsale, juustule, puuviljadele, j\u00e4\u00e4tisele ja pannkookidele.<\/p>\n<p><strong>Ingredients:<\/strong> kontsentreeritud viinamarjavirre, Modena balsami\u00e4\u00e4dikas 20% (veini\u00e4\u00e4dikas, keedetud viinamarjavirre). Sisaldab looduslikke sulfiide.<br \/>\nP\u00e4rast avamist hoida k\u00fclmikus.<\/p>\n<p><strong>Nutrition information per 100g:<\/strong><br \/>\nEnergiasisaldus 1249kJ\/294kcal<br \/>\nFats 0g<br \/>\nof which saturated fatty acids 0g<br \/>\nCarbohydrates 68g<br \/>\nmillest suhkrud 68g<br \/>\nValgud 1,34g<br \/>\nSalt 0,05g<\/p>","protected":false},"excerpt":{"rendered":"<p>Crema di Aceto &#8211; suppidele, segasalatitele, v\u00f5ileibadele, singile, kalale jpm.<\/p>","protected":false},"featured_media":2079,"template":"","meta":[],"product_brand":[275],"product_cat":[302],"product_tag":[],"class_list":{"0":"post-2049","1":"product","2":"type-product","3":"status-publish","4":"has-post-thumbnail","6":"product_brand-aetaia-leonardi","7":"product_cat-marinaadid-kastmed-pastad","9":"first","10":"outofstock","11":"taxable","12":"shipping-taxable","13":"purchasable","14":"product-type-simple"},"_links":{"self":[{"href":"https:\/\/pipraveski.ee\/en\/wp-json\/wp\/v2\/product\/2049","targetHints":{"allow":["GET"]}}],"collection":[{"href":"https:\/\/pipraveski.ee\/en\/wp-json\/wp\/v2\/product"}],"about":[{"href":"https:\/\/pipraveski.ee\/en\/wp-json\/wp\/v2\/types\/product"}],"wp:featuredmedia":[{"embeddable":true,"href":"https:\/\/pipraveski.ee\/en\/wp-json\/wp\/v2\/media\/2079"}],"wp:attachment":[{"href":"https:\/\/pipraveski.ee\/en\/wp-json\/wp\/v2\/media?parent=2049"}],"wp:term":[{"taxonomy":"product_brand","embeddable":true,"href":"https:\/\/pipraveski.ee\/en\/wp-json\/wp\/v2\/product_brand?post=2049"},{"taxonomy":"product_cat","embeddable":true,"href":"https:\/\/pipraveski.ee\/en\/wp-json\/wp\/v2\/product_cat?post=2049"},{"taxonomy":"product_tag","embeddable":true,"href":"https:\/\/pipraveski.ee\/en\/wp-json\/wp\/v2\/product_tag?post=2049"}],"curies":[{"name":"wp","href":"https:\/\/api.w.org\/{rel}","templated":true}]}}