{"id":2048,"date":"2025-10-22T19:08:43","date_gmt":"2025-10-22T16:08:43","guid":{"rendered":"https:\/\/pipraveski.ee\/?post_type=product&#038;p=2048"},"modified":"2026-04-17T11:33:14","modified_gmt":"2026-04-17T08:33:14","slug":"tee-sencha-tian-hu-shan-100g","status":"publish","type":"product","link":"https:\/\/pipraveski.ee\/en\/product\/tee-sencha-tian-hu-shan-100g\/","title":{"rendered":"Tea, Sencha, Tian Hu Shan, 100g"},"content":{"rendered":"<p>Sencha roheline tee Tian Hu Shan<br \/>\nK\u00f5ige populaarsem Jaapani roheline tee. Sencha teed korjatakse kevadel. Koosneb noortest lehtedest ning seet\u00f5ttu on ka teel kerge ning puhas maitse ja aroom. Tees on s\u00e4ilnud C-vitamiin. Aitab kaasa seedimisele.<\/p>\n<p>Preparation:<br \/>\nValmimisaeg 2 min<br \/>\nVee temperatuur 95 \u00b0 C<br \/>\nTee kogus tassile 3g<\/p>\n<p>&nbsp;<\/p>","protected":false},"excerpt":{"rendered":"<p>Sencha roheline tee Tian Hu Shan K\u00f5ige populaarsem Jaapani roheline tee. Sencha teed korjatakse kevadel. Koosneb noortest lehtedest ning seet\u00f5ttu on ka teel kerge ning puhas maitse ja aroom. Tees on s\u00e4ilnud C-vitamiin. Aitab kaasa seedimisele. Valmistamine: Valmimisaeg 2 min Vee temperatuur 95 \u00b0 C Tee kogus tassile 3g &nbsp;<\/p>","protected":false},"featured_media":2078,"template":"","meta":[],"product_brand":[],"product_cat":[327],"product_tag":[],"class_list":{"0":"post-2048","1":"product","2":"type-product","3":"status-publish","4":"has-post-thumbnail","6":"product_cat-kohv-tee","8":"first","9":"instock","10":"taxable","11":"shipping-taxable","12":"purchasable","13":"product-type-simple"},"_links":{"self":[{"href":"https:\/\/pipraveski.ee\/en\/wp-json\/wp\/v2\/product\/2048","targetHints":{"allow":["GET"]}}],"collection":[{"href":"https:\/\/pipraveski.ee\/en\/wp-json\/wp\/v2\/product"}],"about":[{"href":"https:\/\/pipraveski.ee\/en\/wp-json\/wp\/v2\/types\/product"}],"wp:featuredmedia":[{"embeddable":true,"href":"https:\/\/pipraveski.ee\/en\/wp-json\/wp\/v2\/media\/2078"}],"wp:attachment":[{"href":"https:\/\/pipraveski.ee\/en\/wp-json\/wp\/v2\/media?parent=2048"}],"wp:term":[{"taxonomy":"product_brand","embeddable":true,"href":"https:\/\/pipraveski.ee\/en\/wp-json\/wp\/v2\/product_brand?post=2048"},{"taxonomy":"product_cat","embeddable":true,"href":"https:\/\/pipraveski.ee\/en\/wp-json\/wp\/v2\/product_cat?post=2048"},{"taxonomy":"product_tag","embeddable":true,"href":"https:\/\/pipraveski.ee\/en\/wp-json\/wp\/v2\/product_tag?post=2048"}],"curies":[{"name":"wp","href":"https:\/\/api.w.org\/{rel}","templated":true}]}}