{"id":203,"date":"2025-10-22T19:01:17","date_gmt":"2025-10-22T16:01:17","guid":{"rendered":"https:\/\/pipraveski.ee\/?post_type=product&#038;p=203"},"modified":"2026-04-17T11:31:49","modified_gmt":"2026-04-17T08:31:49","slug":"punapeedipulber-dosaator-100g","status":"publish","type":"product","link":"https:\/\/pipraveski.ee\/en\/product\/punapeedipulber-dosaator-100g\/","title":{"rendered":"Punapeedipulber, HELA, 100g"},"content":{"rendered":"<p>Sobib h\u00e4sti toitude (j\u00e4\u00e4tis, supid, moosid, tomatipasta, maiustused), glasuuride, v\u00f5\u00f5pade jmt v\u00e4rvimiseks.<\/p>\n<p>Kuna v\u00e4rvimiseks piisab \u00fcsna v\u00e4ikesest kogusest pulbrist, siis ei ole tarvis v\u00e4ga k\u00f5rvalmaitset karta. Kasutamine koos kakaoga k\u00f5rvaldab peedi magusa ja maal\u00e4hedase maitse toidust t\u00e4ielikult.<\/p>\n<p><strong>Ingredients:<\/strong>&nbsp;punapeedi kontsentraat, maltodekstriin, E330 sidrunhape.<\/p>","protected":false},"excerpt":{"rendered":"<p>\u200bKuivatatud ja peeneks jahvatatud peet.<\/p>","protected":false},"featured_media":232,"template":"","meta":[],"product_brand":[244],"product_cat":[338],"product_tag":[],"class_list":{"0":"post-203","1":"product","2":"type-product","3":"status-publish","4":"has-post-thumbnail","6":"product_brand-hela","7":"product_cat-puhtad-maitsed","9":"first","10":"instock","11":"taxable","12":"shipping-taxable","13":"purchasable","14":"product-type-simple"},"_links":{"self":[{"href":"https:\/\/pipraveski.ee\/en\/wp-json\/wp\/v2\/product\/203","targetHints":{"allow":["GET"]}}],"collection":[{"href":"https:\/\/pipraveski.ee\/en\/wp-json\/wp\/v2\/product"}],"about":[{"href":"https:\/\/pipraveski.ee\/en\/wp-json\/wp\/v2\/types\/product"}],"wp:featuredmedia":[{"embeddable":true,"href":"https:\/\/pipraveski.ee\/en\/wp-json\/wp\/v2\/media\/232"}],"wp:attachment":[{"href":"https:\/\/pipraveski.ee\/en\/wp-json\/wp\/v2\/media?parent=203"}],"wp:term":[{"taxonomy":"product_brand","embeddable":true,"href":"https:\/\/pipraveski.ee\/en\/wp-json\/wp\/v2\/product_brand?post=203"},{"taxonomy":"product_cat","embeddable":true,"href":"https:\/\/pipraveski.ee\/en\/wp-json\/wp\/v2\/product_cat?post=203"},{"taxonomy":"product_tag","embeddable":true,"href":"https:\/\/pipraveski.ee\/en\/wp-json\/wp\/v2\/product_tag?post=203"}],"curies":[{"name":"wp","href":"https:\/\/api.w.org\/{rel}","templated":true}]}}