{"id":2016,"date":"2025-10-22T19:08:27","date_gmt":"2025-10-22T16:08:27","guid":{"rendered":"https:\/\/pipraveski.ee\/?post_type=product&#038;p=2016"},"modified":"2026-04-17T11:33:10","modified_gmt":"2026-04-17T08:33:10","slug":"kaste-guilin-lkk-368g","status":"publish","type":"product","link":"https:\/\/pipraveski.ee\/en\/product\/kaste-guilin-lkk-368g\/","title":{"rendered":"Caste, Guilin, LKK, 368g"},"content":{"rendered":"<p>Kaste on v\u00e4lja t\u00f6\u00f6tatud sajandi taguse retsepti j\u00e4rgi Guilin-is, Hiinas.<br \/>\nIdeaalne dipi kastmeks ja wokkimiseks (stir-fry roogadele).<\/p>\n<p>Kana Guilini moodi:<br \/>\nWoki 180g t\u00fckeldatud kana kuni valmimiseni.<br \/>\nLisa 2 spl Guilini t\u0161illikastet, 230g tofut ja 230g aeduba, 1\/4 tassi vett.<br \/>\nK\u00fcpseta 5 min, serveeri.<\/p>\n<p>Koostisosad: soolatud t\u0161illi 39%, fermenteeritud SOJAoa pasta 20% (vesi, sool, SOJAoad, NISUjahu), vesi, SOJA kaste (vesi, sool, SOJAoad, NISUjahu), suhkur, deh\u00fcdreeritud k\u00fc\u00fcslauk, SEESAMI \u00f5li, SOJA \u00f5li, t\u0161illi pulber 2%, \u0161alottsibul, modifitseeritud maisi t\u00e4rklis, v\u00e4rvaine: E150c, happesuse regulaator: E270.<\/p>\n<p><strong style=\"font-size: 13px\">Nutrition information per 100g:<\/strong><br style=\"font-size: 13px\" \/><br \/>\n<span style=\"font-size: 13px\">Energiasisaldus 540kJ \/ 129kcal<\/span><br style=\"font-size: 13px\" \/><br \/>\n<span style=\"font-size: 13px\">Carbohydrates 11g<\/span><br style=\"font-size: 13px\" \/><br \/>\n<span style=\"font-size: 13px\">millest suhkrud 7,8g<\/span><br style=\"font-size: 13px\" \/><br \/>\n<span style=\"font-size: 13px\">Fats 6,1g<\/span><br style=\"font-size: 13px\" \/><br \/>\n<span style=\"font-size: 13px\">millest k\u00fcllastunud rasvhapped 1,1g<\/span><br style=\"font-size: 13px\" \/><br \/>\n<span style=\"font-size: 13px\">Protein 3,5g<\/span><br style=\"font-size: 13px\" \/><br \/>\n<span style=\"font-size: 13px\">Sool 12,3g<\/span><\/p>\n<p>Country of origin: China<\/p>","protected":false},"excerpt":{"rendered":"<p>Ideaalne dipiks ja wokkimiseks (stir-fry)<\/p>","protected":false},"featured_media":2047,"template":"","meta":[],"product_brand":[242],"product_cat":[317],"product_tag":[],"class_list":{"0":"post-2016","1":"product","2":"type-product","3":"status-publish","4":"has-post-thumbnail","6":"product_brand-lee-kum-kee","7":"product_cat-kastmed-sinepid-tsatnid","9":"first","10":"instock","11":"taxable","12":"shipping-taxable","13":"purchasable","14":"product-type-simple"},"_links":{"self":[{"href":"https:\/\/pipraveski.ee\/en\/wp-json\/wp\/v2\/product\/2016","targetHints":{"allow":["GET"]}}],"collection":[{"href":"https:\/\/pipraveski.ee\/en\/wp-json\/wp\/v2\/product"}],"about":[{"href":"https:\/\/pipraveski.ee\/en\/wp-json\/wp\/v2\/types\/product"}],"wp:featuredmedia":[{"embeddable":true,"href":"https:\/\/pipraveski.ee\/en\/wp-json\/wp\/v2\/media\/2047"}],"wp:attachment":[{"href":"https:\/\/pipraveski.ee\/en\/wp-json\/wp\/v2\/media?parent=2016"}],"wp:term":[{"taxonomy":"product_brand","embeddable":true,"href":"https:\/\/pipraveski.ee\/en\/wp-json\/wp\/v2\/product_brand?post=2016"},{"taxonomy":"product_cat","embeddable":true,"href":"https:\/\/pipraveski.ee\/en\/wp-json\/wp\/v2\/product_cat?post=2016"},{"taxonomy":"product_tag","embeddable":true,"href":"https:\/\/pipraveski.ee\/en\/wp-json\/wp\/v2\/product_tag?post=2016"}],"curies":[{"name":"wp","href":"https:\/\/api.w.org\/{rel}","templated":true}]}}