{"id":2009,"date":"2025-10-22T19:08:27","date_gmt":"2025-10-22T16:08:27","guid":{"rendered":"https:\/\/pipraveski.ee\/?post_type=product&#038;p=2009"},"modified":"2026-04-17T11:32:27","modified_gmt":"2026-04-17T08:32:27","slug":"sojakaste-ayuko-150ml","status":"publish","type":"product","link":"https:\/\/pipraveski.ee\/en\/product\/sojakaste-ayuko-150ml\/","title":{"rendered":"Soy sauce, Ayuko, 150ml"},"content":{"rendered":"<p>Sojakaste, 150ml (Ayuko) Ayuko sojakaste on maitsev ja mitmek\u00fclgne koostisosa, mida hindavad nii kokakunsti austajad kui ka kokad. See kvaliteetne sojakaste on spetsiaalselt loodud selleks, et aidata kaasa toidu rikkalikumale maitsele. See t\u00e4iendab ja t\u00e4iustab toidu maitset oma rikkaliku soolase maitse ja iseloomuliku aroomiga. Ayuko sojakaste on Aasia k\u00f6\u00f6kides traditsiooniliselt kasutatav koostisosa, kuid sellest saab valmistada v\u00e4ga erinevaid roogasid. Piisab ka v\u00e4ikesest kogusest, et toidukorrad oleksid erilised ja isu\u00e4ratavad. Valmistatud ainult parima kvaliteediga toorainest ega sisalda kunstlikke v\u00e4rvaineid, s\u00e4ilitusaineid ega maitsetugevdajaid. Muutke Ayuko sojakaste oma k\u00f6\u00f6gi oluliseks osaks, et rahuldada oma maitsemeelte soove ja luua roogadesse ainulaadseid maitseid.&nbsp;<\/p>\n<p>Koostisosad: vesi, SOJAoad 20%, NISU, maitsetugevdaja: E621, s\u00e4ilitusaine: E202.<\/p>\n<p>Keskmine toitumisalane teave 100ml kohta:<br \/>\nToitev\u00e4\u00e4rtus 73 kJ \/ 17 kcal<br \/>\nRasva 0 g<br \/>\n&nbsp;k\u00fcllastunud rasvhapped 0 g<br \/>\ns\u00fcsivesikuid 2g<br \/>\n&nbsp;millest suhkruid 0,3 g<br \/>\nvalgud 2,3 g<br \/>\nsoola 17g<br \/>\n&nbsp;<\/p>","protected":false},"excerpt":{"rendered":"<p>Sojakaste, 150ml (Ayuko) Ayuko sojakaste on maitsev ja mitmek\u00fclgne koostisosa, mida hindavad nii kokakunsti austajad kui ka kokad. See kvaliteetne sojakaste on spetsiaalselt loodud selleks, et aidata kaasa toidu rikkalikumale maitsele. See t\u00e4iendab ja t\u00e4iustab toidu maitset oma rikkaliku soolase maitse ja iseloomuliku aroomiga. Ayuko sojakaste on Aasia k\u00f6\u00f6kides traditsiooniliselt kasutatav koostisosa, kuid sellest saab [&hellip;]<\/p>\n","protected":false},"featured_media":2040,"template":"","meta":[],"product_brand":[],"product_cat":[317],"product_tag":[],"class_list":{"0":"post-2009","1":"product","2":"type-product","3":"status-publish","4":"has-post-thumbnail","6":"product_cat-kastmed-sinepid-tsatnid","8":"first","9":"instock","10":"taxable","11":"shipping-taxable","12":"purchasable","13":"product-type-simple"},"_links":{"self":[{"href":"https:\/\/pipraveski.ee\/en\/wp-json\/wp\/v2\/product\/2009","targetHints":{"allow":["GET"]}}],"collection":[{"href":"https:\/\/pipraveski.ee\/en\/wp-json\/wp\/v2\/product"}],"about":[{"href":"https:\/\/pipraveski.ee\/en\/wp-json\/wp\/v2\/types\/product"}],"wp:featuredmedia":[{"embeddable":true,"href":"https:\/\/pipraveski.ee\/en\/wp-json\/wp\/v2\/media\/2040"}],"wp:attachment":[{"href":"https:\/\/pipraveski.ee\/en\/wp-json\/wp\/v2\/media?parent=2009"}],"wp:term":[{"taxonomy":"product_brand","embeddable":true,"href":"https:\/\/pipraveski.ee\/en\/wp-json\/wp\/v2\/product_brand?post=2009"},{"taxonomy":"product_cat","embeddable":true,"href":"https:\/\/pipraveski.ee\/en\/wp-json\/wp\/v2\/product_cat?post=2009"},{"taxonomy":"product_tag","embeddable":true,"href":"https:\/\/pipraveski.ee\/en\/wp-json\/wp\/v2\/product_tag?post=2009"}],"curies":[{"name":"wp","href":"https:\/\/api.w.org\/{rel}","templated":true}]}}