{"id":2008,"date":"2025-10-22T19:08:27","date_gmt":"2025-10-22T16:08:27","guid":{"rendered":"https:\/\/pipraveski.ee\/?post_type=product&#038;p=2008"},"modified":"2026-04-17T11:32:18","modified_gmt":"2026-04-17T08:32:18","slug":"carolina-reaper-tsillikaunad-4g","status":"publish","type":"product","link":"https:\/\/pipraveski.ee\/en\/product\/carolina-reaper-tsillikaunad-4g\/","title":{"rendered":"Carolina Reaper chillies, 4g"},"content":{"rendered":"<p>Carolina Reaper Chili on tulisematest t\u0161illidest k\u00f5ige tulisem!!! Sellele on kuulunud maailma kuumima t\u0161illi maailmarekord alates 2013. aastast. Selle aretas L\u00f5una-Carolina (USA) PuckerButt Pepper Company t\u0161illi aretaja Ed Currie. T\u0161iili piprainstituudi testitud keskmine kuumuse tase oli 1 569 300 Scoville&#8217;i \u00fchikut, samas kui \u00fcksikud isendid t\u00f5stsid selle uskumatult 2,2-ni. miljonit SHU. Nimi &#8220;Reaper&#8221; viitab &#8220;Grim Reaperile&#8221;, m\u00fc\u00fctilisele surmatoojale.<\/p>\n<p>Carolina Reaperi t\u0161illi on lisaks \u00fclimalt tulisele maitsele v\u00e4ga maitsekas ja puuviljaselt magus, \u0161okolaadi-kirsi tooni ja tsitruselise varjundiga. Sobib eriti h\u00e4sti tumeda liha k\u00f5rvale, olgu see siis veise- v\u00f5i ulukiliha, aga ka tomatiroogade v\u00f5i paprikakastmega. \u00c4rge alahinnake kuumust, inimesed, kes pole kuuma t\u0161illiga harjunud, ei tohiks seda proovida.<\/p>\n<p>Leotage terveid kuivatatud t\u0161illipipart 10 minutit kuumas vees, et t\u0161illit reh\u00fcdreerida.<\/p>\n<p>Hoida kuivas, pimedas, jahedas ja \u00f5hukindlas kohas.<\/p>","protected":false},"excerpt":{"rendered":"<p>Carolina Reaperi t\u0161illi maitse on lisaks \u00fclimalt tulisele maitsele v\u00e4ga maitsekas ja puuviljaselt magus, \u0161okolaadi-kirsi tooni ja tsitruselise varjundiga. Sobib eriti h\u00e4sti tumeda liha k\u00f5rvale, olgu see siis veise- v\u00f5i ulukiliha, aga ka tomatiroogade v\u00f5i paprikakastmega.<\/p>","protected":false},"featured_media":2039,"template":"","meta":[],"product_brand":[],"product_cat":[338],"product_tag":[],"class_list":{"0":"post-2008","1":"product","2":"type-product","3":"status-publish","4":"has-post-thumbnail","6":"product_cat-puhtad-maitsed","8":"first","9":"instock","10":"taxable","11":"shipping-taxable","12":"purchasable","13":"product-type-simple"},"_links":{"self":[{"href":"https:\/\/pipraveski.ee\/en\/wp-json\/wp\/v2\/product\/2008","targetHints":{"allow":["GET"]}}],"collection":[{"href":"https:\/\/pipraveski.ee\/en\/wp-json\/wp\/v2\/product"}],"about":[{"href":"https:\/\/pipraveski.ee\/en\/wp-json\/wp\/v2\/types\/product"}],"wp:featuredmedia":[{"embeddable":true,"href":"https:\/\/pipraveski.ee\/en\/wp-json\/wp\/v2\/media\/2039"}],"wp:attachment":[{"href":"https:\/\/pipraveski.ee\/en\/wp-json\/wp\/v2\/media?parent=2008"}],"wp:term":[{"taxonomy":"product_brand","embeddable":true,"href":"https:\/\/pipraveski.ee\/en\/wp-json\/wp\/v2\/product_brand?post=2008"},{"taxonomy":"product_cat","embeddable":true,"href":"https:\/\/pipraveski.ee\/en\/wp-json\/wp\/v2\/product_cat?post=2008"},{"taxonomy":"product_tag","embeddable":true,"href":"https:\/\/pipraveski.ee\/en\/wp-json\/wp\/v2\/product_tag?post=2008"}],"curies":[{"name":"wp","href":"https:\/\/api.w.org\/{rel}","templated":true}]}}