{"id":2007,"date":"2025-10-22T19:08:27","date_gmt":"2025-10-22T16:08:27","guid":{"rendered":"https:\/\/pipraveski.ee\/?post_type=product&#038;p=2007"},"modified":"2026-04-17T11:33:15","modified_gmt":"2026-04-17T08:33:15","slug":"kaste-habanero-tomatillo-grazy-bastard-200ml","status":"publish","type":"product","link":"https:\/\/pipraveski.ee\/en\/product\/kaste-habanero-tomatillo-grazy-bastard-200ml\/","title":{"rendered":"Sauce, Habanero &amp; tomatillo, GRAZY BASTARD, 200ml"},"content":{"rendered":"<p>Puuviljane, kuid tuline kaste on Crazy Bastardi originaalkaste, mille heas tasakaalus maitsebukett sobitub peaaegu k\u00f5igega.<\/p>\n<p>Koostisosad: paprika, tomatillod (22%), sibul, Habanero t\u0161illi (20%), valge veini\u00e4\u00e4dikas, \u00f5unad, laim, k\u00fc\u00fcslauk, oliivi\u00f5li, meresool<\/p>\n<p>Maitse: h\u00e4sti tasakaalustatud maitse &#8211; magus, hapu, soolane, puuviljane.<\/p>\n<p>Sobib h\u00e4sti kasutamiseks igale roale, sealhulgas burgerid, pitsad, pastad, riisiroad, hautised, v\u00f5ileivad, tacod, grilli k\u00f5rvale.<br \/>\nScoville i skaalal ca 20 000 SHU<\/p>\n<p>Nutrition information per 100g<br \/>\nEnergia 236 kJ \/ 56 kcal<br \/>\nRasv 0,7g<br \/>\nmillest k\u00fcllastuud rasvhapped 0,1g<br \/>\nCarbohydrates 8,7g<br \/>\nmillest suhkrud 7,9g<br \/>\nProtein 1,6g<br \/>\nSool 0,3g<\/p>","protected":false},"excerpt":{"rendered":"<p>Kuum Mehhiko stiilis t\u0161illikaste Habanero t\u0161illi ja tomatilloga. Originaalne ja auhinnatud Crazy Bastardi kaste. T\u00e4iuslikult tasakaalustatud maitse ja just paraja kuumusastmega, et sobiks igale roale!<\/p>","protected":false},"featured_media":2037,"template":"","meta":[],"product_brand":[],"product_cat":[317],"product_tag":[],"class_list":{"0":"post-2007","1":"product","2":"type-product","3":"status-publish","4":"has-post-thumbnail","6":"product_cat-kastmed-sinepid-tsatnid","8":"first","9":"outofstock","10":"taxable","11":"shipping-taxable","12":"purchasable","13":"product-type-simple"},"_links":{"self":[{"href":"https:\/\/pipraveski.ee\/en\/wp-json\/wp\/v2\/product\/2007","targetHints":{"allow":["GET"]}}],"collection":[{"href":"https:\/\/pipraveski.ee\/en\/wp-json\/wp\/v2\/product"}],"about":[{"href":"https:\/\/pipraveski.ee\/en\/wp-json\/wp\/v2\/types\/product"}],"wp:featuredmedia":[{"embeddable":true,"href":"https:\/\/pipraveski.ee\/en\/wp-json\/wp\/v2\/media\/2037"}],"wp:attachment":[{"href":"https:\/\/pipraveski.ee\/en\/wp-json\/wp\/v2\/media?parent=2007"}],"wp:term":[{"taxonomy":"product_brand","embeddable":true,"href":"https:\/\/pipraveski.ee\/en\/wp-json\/wp\/v2\/product_brand?post=2007"},{"taxonomy":"product_cat","embeddable":true,"href":"https:\/\/pipraveski.ee\/en\/wp-json\/wp\/v2\/product_cat?post=2007"},{"taxonomy":"product_tag","embeddable":true,"href":"https:\/\/pipraveski.ee\/en\/wp-json\/wp\/v2\/product_tag?post=2007"}],"curies":[{"name":"wp","href":"https:\/\/api.w.org\/{rel}","templated":true}]}}