{"id":2006,"date":"2025-10-22T19:08:27","date_gmt":"2025-10-22T16:08:27","guid":{"rendered":"https:\/\/pipraveski.ee\/?post_type=product&#038;p=2006"},"modified":"2026-04-17T11:33:07","modified_gmt":"2026-04-17T08:33:07","slug":"munanuudlid-spring-happiness-500g","status":"publish","type":"product","link":"https:\/\/pipraveski.ee\/en\/product\/munanuudlid-spring-happiness-500g\/","title":{"rendered":"Egg noodles, Spring Happiness, 500g"},"content":{"rendered":"<p>Preparation:<br \/>\nKeeda nuudleid keevas vees 5-7 min, n\u00f5ruta ja prae kergelt l\u00e4bi v\u00f5i lisa supile.<\/p>\n<p>Koostisosad: NISUjahu 68,7%, vesi, sool, kergitusaine:&nbsp;naatriumkarbonaadid, kartulit\u00e4rklis, kurkum.<\/p>\n<p>Nutrition information per 100g<br \/>\nEnergiasisaldus 1165 kJ \/&nbsp;278 kcal<br \/>\nRasvad 0,7 g<br \/>\nmillest k\u00fcllastunud rasvhapped 0,1 g<br \/>\nS\u00fcsivesikud 58 g<br \/>\nmillest suhkrud&nbsp; 0,3 g<br \/>\nValgud 7,7 g<br \/>\nSalt 0,8 g<\/p>\n<p>Country of origin China<\/p>","protected":false},"excerpt":{"rendered":"<p>\u200bKiirelt valmivad nuudlid.<\/p>","protected":false},"featured_media":2036,"template":"","meta":[],"product_brand":[],"product_cat":[320],"product_tag":[],"class_list":{"0":"post-2006","1":"product","2":"type-product","3":"status-publish","4":"has-post-thumbnail","6":"product_cat-riis-nuudlid","8":"first","9":"outofstock","10":"taxable","11":"shipping-taxable","12":"purchasable","13":"product-type-simple"},"_links":{"self":[{"href":"https:\/\/pipraveski.ee\/en\/wp-json\/wp\/v2\/product\/2006","targetHints":{"allow":["GET"]}}],"collection":[{"href":"https:\/\/pipraveski.ee\/en\/wp-json\/wp\/v2\/product"}],"about":[{"href":"https:\/\/pipraveski.ee\/en\/wp-json\/wp\/v2\/types\/product"}],"wp:featuredmedia":[{"embeddable":true,"href":"https:\/\/pipraveski.ee\/en\/wp-json\/wp\/v2\/media\/2036"}],"wp:attachment":[{"href":"https:\/\/pipraveski.ee\/en\/wp-json\/wp\/v2\/media?parent=2006"}],"wp:term":[{"taxonomy":"product_brand","embeddable":true,"href":"https:\/\/pipraveski.ee\/en\/wp-json\/wp\/v2\/product_brand?post=2006"},{"taxonomy":"product_cat","embeddable":true,"href":"https:\/\/pipraveski.ee\/en\/wp-json\/wp\/v2\/product_cat?post=2006"},{"taxonomy":"product_tag","embeddable":true,"href":"https:\/\/pipraveski.ee\/en\/wp-json\/wp\/v2\/product_tag?post=2006"}],"curies":[{"name":"wp","href":"https:\/\/api.w.org\/{rel}","templated":true}]}}