{"id":2004,"date":"2025-10-22T19:08:27","date_gmt":"2025-10-22T16:08:27","guid":{"rendered":"https:\/\/pipraveski.ee\/?post_type=product&#038;p=2004"},"modified":"2026-04-17T15:45:31","modified_gmt":"2026-04-17T12:45:31","slug":"muskaatpahkel-2tk","status":"publish","type":"product","link":"https:\/\/pipraveski.ee\/en\/product\/muskaatpahkel-2tk\/","title":{"rendered":"Nutmeg, HELA, 2pcs"},"content":{"rendered":"<p>Eksootiline v\u00fcrts, millel on eksimatult intensiivne maitse.&nbsp;<br \/>\nMuskaadile on omane terav aroom ning soe ja kergelt magus maitse. Seda kasutatakse nii soolaste kui ka magusate roogade maitsestamiseks.&nbsp;<br \/>\nSobib maitsestamiseks (kartuli-, muna-, juusturoogadele, aga ka kookidele, pudingutele ja kompottidele &#8211; kapsale, spinatile, kastmetele, sibulasupile, tigudele, lihale ja marinaadidesse).&nbsp;Ja j\u00f5uluk\u00fcpsistes v\u00f5i punchis on see muidugi peaaegu asendamatu koostisosa.<\/p>","protected":false},"excerpt":{"rendered":"<p>Eksootiline v\u00fcrts, millel on eksimatult intensiivne maitse.&nbsp; Muskaadile on omane terav aroom ning soe ja kergelt magus maitse. Seda kasutatakse nii soolaste kui ka magusate roogade maitsestamiseks.&nbsp; Sobib maitsestamiseks (kartuli-, muna-, juusturoogadele, aga ka kookidele, pudingutele ja kompottidele &#8211; kapsale, spinatile, kastmetele, sibulasupile, tigudele, lihale ja marinaadidesse).&nbsp;Ja j\u00f5uluk\u00fcpsistes v\u00f5i punchis on see muidugi peaaegu asendamatu [&hellip;]<\/p>\n","protected":false},"featured_media":2034,"template":"","meta":[],"product_brand":[244],"product_cat":[338],"product_tag":[],"class_list":{"0":"post-2004","1":"product","2":"type-product","3":"status-publish","4":"has-post-thumbnail","6":"product_brand-hela","7":"product_cat-puhtad-maitsed","9":"first","10":"instock","11":"taxable","12":"shipping-taxable","13":"purchasable","14":"product-type-simple"},"_links":{"self":[{"href":"https:\/\/pipraveski.ee\/en\/wp-json\/wp\/v2\/product\/2004","targetHints":{"allow":["GET"]}}],"collection":[{"href":"https:\/\/pipraveski.ee\/en\/wp-json\/wp\/v2\/product"}],"about":[{"href":"https:\/\/pipraveski.ee\/en\/wp-json\/wp\/v2\/types\/product"}],"wp:featuredmedia":[{"embeddable":true,"href":"https:\/\/pipraveski.ee\/en\/wp-json\/wp\/v2\/media\/2034"}],"wp:attachment":[{"href":"https:\/\/pipraveski.ee\/en\/wp-json\/wp\/v2\/media?parent=2004"}],"wp:term":[{"taxonomy":"product_brand","embeddable":true,"href":"https:\/\/pipraveski.ee\/en\/wp-json\/wp\/v2\/product_brand?post=2004"},{"taxonomy":"product_cat","embeddable":true,"href":"https:\/\/pipraveski.ee\/en\/wp-json\/wp\/v2\/product_cat?post=2004"},{"taxonomy":"product_tag","embeddable":true,"href":"https:\/\/pipraveski.ee\/en\/wp-json\/wp\/v2\/product_tag?post=2004"}],"curies":[{"name":"wp","href":"https:\/\/api.w.org\/{rel}","templated":true}]}}