{"id":2001,"date":"2025-10-22T19:08:27","date_gmt":"2025-10-22T16:08:27","guid":{"rendered":"https:\/\/pipraveski.ee\/?post_type=product&#038;p=2001"},"modified":"2026-04-17T11:32:08","modified_gmt":"2026-04-17T08:32:08","slug":"mustad-mungoad-poolitatud-kooritud-urid-dall-500g-heera","status":"publish","type":"product","link":"https:\/\/pipraveski.ee\/en\/product\/mustad-mungoad-poolitatud-kooritud-urid-dall-500g-heera\/","title":{"rendered":"Black mung beans, halved, peeled, Urid Dall, Heera, 500g"},"content":{"rendered":"<p>\n<strong>Also suitable for vegans.&nbsp;<\/p>\n<p>Nutrition information per 100g:<\/strong><br \/>\nEnergia 1425KJ\/341kcal<br \/>\nRasv 1,4g<br \/>\nof which saturated fatty acids 0,4g<br \/>\nS\u00fcsivesikud 62g<br \/>\nmillest suhkur 2,1g<br \/>\nKiudaineid 18g<br \/>\nValk 22g<br \/>\nSalt 0,01g<\/p>\n<p><strong>Storage: <\/strong>Kuivas ja jahedas kohas, \u00f5hukindlas anumas.<\/p>\n<p>See toode on pakitud tehases, mis samuti t\u00f6\u00f6tleb p\u00e4hkleid, seesamiseemneid, piima, sinepit, nisu ja soja.<\/p>\n<p>\n<strong>Manufacturer:<\/strong> Heera<br \/>\n<strong>Country of origin: <\/strong>India<\/p>","protected":false},"excerpt":{"rendered":"<p>Sobib ka veganitele.&nbsp; Toitumisalane teave 100g kohta: Energia 1425KJ\/341kcal Rasv 1,4g millest k\u00fcllastunud rasvhapped 0,4g S\u00fcsivesikud 62g millest suhkur 2,1g Kiudaineid 18g Valk 22g Sool 0,01g S\u00e4ilitamine: Kuivas ja jahedas kohas, \u00f5hukindlas anumas. See toode on pakitud tehases, mis samuti t\u00f6\u00f6tleb p\u00e4hkleid, seesamiseemneid, piima, sinepit, nisu ja soja. Tootja: Heera P\u00e4ritolumaa: India<\/p>","protected":false},"featured_media":2031,"template":"","meta":[],"product_brand":[240],"product_cat":[319],"product_tag":[],"class_list":{"0":"post-2001","1":"product","2":"type-product","3":"status-publish","4":"has-post-thumbnail","6":"product_brand-heera","7":"product_cat-laatsed-oad-terad","9":"first","10":"outofstock","11":"taxable","12":"shipping-taxable","13":"purchasable","14":"product-type-simple"},"_links":{"self":[{"href":"https:\/\/pipraveski.ee\/en\/wp-json\/wp\/v2\/product\/2001","targetHints":{"allow":["GET"]}}],"collection":[{"href":"https:\/\/pipraveski.ee\/en\/wp-json\/wp\/v2\/product"}],"about":[{"href":"https:\/\/pipraveski.ee\/en\/wp-json\/wp\/v2\/types\/product"}],"wp:featuredmedia":[{"embeddable":true,"href":"https:\/\/pipraveski.ee\/en\/wp-json\/wp\/v2\/media\/2031"}],"wp:attachment":[{"href":"https:\/\/pipraveski.ee\/en\/wp-json\/wp\/v2\/media?parent=2001"}],"wp:term":[{"taxonomy":"product_brand","embeddable":true,"href":"https:\/\/pipraveski.ee\/en\/wp-json\/wp\/v2\/product_brand?post=2001"},{"taxonomy":"product_cat","embeddable":true,"href":"https:\/\/pipraveski.ee\/en\/wp-json\/wp\/v2\/product_cat?post=2001"},{"taxonomy":"product_tag","embeddable":true,"href":"https:\/\/pipraveski.ee\/en\/wp-json\/wp\/v2\/product_tag?post=2001"}],"curies":[{"name":"wp","href":"https:\/\/api.w.org\/{rel}","templated":true}]}}