{"id":1995,"date":"2025-10-22T19:08:27","date_gmt":"2025-10-22T16:08:27","guid":{"rendered":"https:\/\/pipraveski.ee\/?post_type=product&#038;p=1995"},"modified":"2026-04-17T11:32:58","modified_gmt":"2026-04-17T08:32:58","slug":"mistura-de-tomato-oliivi-40g","status":"publish","type":"product","link":"https:\/\/pipraveski.ee\/en\/product\/mistura-de-tomato-oliivi-40g\/","title":{"rendered":"Mistura de Tomato, Olive, HELA, 40g"},"content":{"rendered":"<p>Helbeline tomati kooslus pehme oliivi-k\u00fc\u00fcslaugu maitsenoodiga.<\/p>\n<p>Sobib h\u00e4sti maitsev\u00f5i valmistamiseks, tomatikastmetesse, suppidesse, dipikastmetesse, salatitesse, tomati-mozzarella maitsestamiseks, pizza, t\u0161atnite, kalale, kanale, hakkliharoogadele ja paljule muule.<\/p>\n<p>Koostisosad: tomatihelbed 53% (tomatipasta, maisi t\u00e4rklis), oliivi graanulid 20%, k\u00fc\u00fcslauk, sool, basiilik, paprika, oregano.<\/p>\n<p>Nutritional value per 100g:<br \/>\nEnergia 1524kJ\/364kcal<br \/>\nRasv 13g<br \/>\nmillest k\u00fcllastunud rasvhapped 2g<br \/>\nS\u00fcsivesikud 44,1g<br \/>\nmillest suhkur 27,6g<br \/>\nValk 11,5g<br \/>\nSool 4,8g<\/p>","protected":false},"excerpt":{"rendered":"<p>Tomatihelbed oliivi t\u00fckkidega<\/p>","protected":false},"featured_media":2025,"template":"","meta":[],"product_brand":[244],"product_cat":[307],"product_tag":[],"class_list":{"0":"post-1995","1":"product","2":"type-product","3":"status-publish","4":"has-post-thumbnail","6":"product_brand-hela","7":"product_cat-maitseainesegud","9":"first","10":"instock","11":"taxable","12":"shipping-taxable","13":"purchasable","14":"product-type-simple"},"_links":{"self":[{"href":"https:\/\/pipraveski.ee\/en\/wp-json\/wp\/v2\/product\/1995","targetHints":{"allow":["GET"]}}],"collection":[{"href":"https:\/\/pipraveski.ee\/en\/wp-json\/wp\/v2\/product"}],"about":[{"href":"https:\/\/pipraveski.ee\/en\/wp-json\/wp\/v2\/types\/product"}],"wp:featuredmedia":[{"embeddable":true,"href":"https:\/\/pipraveski.ee\/en\/wp-json\/wp\/v2\/media\/2025"}],"wp:attachment":[{"href":"https:\/\/pipraveski.ee\/en\/wp-json\/wp\/v2\/media?parent=1995"}],"wp:term":[{"taxonomy":"product_brand","embeddable":true,"href":"https:\/\/pipraveski.ee\/en\/wp-json\/wp\/v2\/product_brand?post=1995"},{"taxonomy":"product_cat","embeddable":true,"href":"https:\/\/pipraveski.ee\/en\/wp-json\/wp\/v2\/product_cat?post=1995"},{"taxonomy":"product_tag","embeddable":true,"href":"https:\/\/pipraveski.ee\/en\/wp-json\/wp\/v2\/product_tag?post=1995"}],"curies":[{"name":"wp","href":"https:\/\/api.w.org\/{rel}","templated":true}]}}