{"id":1994,"date":"2025-10-22T19:08:27","date_gmt":"2025-10-22T16:08:27","guid":{"rendered":"https:\/\/pipraveski.ee\/?post_type=product&#038;p=1994"},"modified":"2026-04-17T11:33:08","modified_gmt":"2026-04-17T08:33:08","slug":"seesamioli-rostitud-oag-360ml","status":"publish","type":"product","link":"https:\/\/pipraveski.ee\/en\/product\/seesamioli-rostitud-oag-360ml\/","title":{"rendered":"Sesame oil, toasted, OAG, 360ml"},"content":{"rendered":"<p style=\"margin: 0.85em 0px;padding: 0px;font-size: 16px;line-height: 1.5em;, Helvetica-Neue, Helvetica, Arial, sans-serif;vertical-align: baseline\">R\u00f6stitud seesamiseemnetest valmistatud \u00f5li on peene p\u00e4hklise maitsega.<br \/>\nSobib v\u00e4ga h\u00e4sti seesami maitse lisamiseks igale kuumale liha, k\u00f6\u00f6givilja v\u00f5i kala woki roale kui ka salatitele, marindaadidele ja k\u00fclmadele roogadele.<\/p>\n<p style=\"margin: 0.85em 0px;padding: 0px;font-size: 16px;line-height: 1.5em;, Helvetica-Neue, Helvetica, Arial, sans-serif;vertical-align: baseline\">Koostisosa: SEESAMIseemned (r\u00f6stitud).<\/p>\n<p>Toitumisalane teave 100ml&nbsp;kohta:<br \/>\nEnergiasisaldus 3752&nbsp;kJ \/ 896&nbsp;kcal<br \/>\nRasvad 99g<br \/>\nmillest k\u00fcllastunud rasvhapped 16g<br \/>\nS\u00fcsivesikud 0,7&nbsp;g<br \/>\nof which sugars 0 g<br \/>\nProtein 0 g<br \/>\nSool 0&nbsp;g<\/p>\n<p>P\u00e4ritolumaa Singapur<\/p>","protected":false},"excerpt":{"rendered":"<p>R\u00f6stitud seesamiseemnetest \u00f5li<\/p>","protected":false},"featured_media":2024,"template":"","meta":[],"product_brand":[],"product_cat":[315],"product_tag":[],"class_list":{"0":"post-1994","1":"product","2":"type-product","3":"status-publish","4":"has-post-thumbnail","6":"product_cat-olid-rasvad","8":"first","9":"outofstock","10":"taxable","11":"shipping-taxable","12":"purchasable","13":"product-type-simple"},"_links":{"self":[{"href":"https:\/\/pipraveski.ee\/en\/wp-json\/wp\/v2\/product\/1994","targetHints":{"allow":["GET"]}}],"collection":[{"href":"https:\/\/pipraveski.ee\/en\/wp-json\/wp\/v2\/product"}],"about":[{"href":"https:\/\/pipraveski.ee\/en\/wp-json\/wp\/v2\/types\/product"}],"wp:featuredmedia":[{"embeddable":true,"href":"https:\/\/pipraveski.ee\/en\/wp-json\/wp\/v2\/media\/2024"}],"wp:attachment":[{"href":"https:\/\/pipraveski.ee\/en\/wp-json\/wp\/v2\/media?parent=1994"}],"wp:term":[{"taxonomy":"product_brand","embeddable":true,"href":"https:\/\/pipraveski.ee\/en\/wp-json\/wp\/v2\/product_brand?post=1994"},{"taxonomy":"product_cat","embeddable":true,"href":"https:\/\/pipraveski.ee\/en\/wp-json\/wp\/v2\/product_cat?post=1994"},{"taxonomy":"product_tag","embeddable":true,"href":"https:\/\/pipraveski.ee\/en\/wp-json\/wp\/v2\/product_tag?post=1994"}],"curies":[{"name":"wp","href":"https:\/\/api.w.org\/{rel}","templated":true}]}}