{"id":1990,"date":"2025-10-22T19:08:26","date_gmt":"2025-10-22T16:08:26","guid":{"rendered":"https:\/\/pipraveski.ee\/?post_type=product&#038;p=1990"},"modified":"2026-04-17T11:32:17","modified_gmt":"2026-04-17T08:32:17","slug":"thai-tsilli-asia-kaste-210g","status":"publish","type":"product","link":"https:\/\/pipraveski.ee\/en\/product\/thai-tsilli-asia-kaste-210g\/","title":{"rendered":"Thai Chilli Asia Sauce, 210g"},"content":{"rendered":"<p>Sanchoni Tai t\u0161illi Aasia kaste on traditsiooniliselt toodetud puuviljane magus-v\u00fcrtsikas kaste punastest t\u0161illidest ja peenetest v\u00fcrtsidest.<br \/>\nOma t\u00fc\u00fcpilise ja harmoonilise Tai p\u00e4rase noodiga on see suurep\u00e4rane dip kevadrullide, n\u00e4putoidu, praetud riisi ja pastaroogade, aga ka grillitud toitude, kala v\u00f5i k\u00f6\u00f6giviljade jaoks.<\/p>\n<p><strong>Ingredients: <\/strong>vesi, toor-roosuhkur, punane t\u0161illipipar(17%), br\u00e4ndi\u00e4\u00e4dikas, tapiokit\u00e4rklis, k\u00fc\u00fcslauk, meresool, ingver, paksendaja: guarkummi<br \/>\nkontrollitud mahep\u00f5llumajanduslikust kasvatusest.<br \/>\nOrgaanika sertifitseerimisasutus: DE-\u00d6KO-013<\/p>\n<p><em>VEGAN, GLUTEENIVABA.<\/em><\/p>\n<p><strong>Nutrition information per 100g:<\/strong><br \/>\nEnergia 585kJ \/ 138kcal<br \/>\nFats 0,2g<br \/>\nK\u00fcllastunud rasvhapped 0,04g<br \/>\nS\u00fcsivesikud 33,1g<br \/>\nSuhkur 28,1g<br \/>\nValk 0,4g<br \/>\nSalt 1,2g<\/p>","protected":false},"excerpt":{"rendered":"<p>Puuviljane magus-v\u00fcrtsikas kaste punastest t\u0161illidest ja peenetest v\u00fcrtsidest.<\/p>","protected":false},"featured_media":2020,"template":"","meta":[],"product_brand":[],"product_cat":[317],"product_tag":[],"class_list":{"0":"post-1990","1":"product","2":"type-product","3":"status-publish","4":"has-post-thumbnail","6":"product_cat-kastmed-sinepid-tsatnid","8":"first","9":"outofstock","10":"taxable","11":"shipping-taxable","12":"purchasable","13":"product-type-simple"},"_links":{"self":[{"href":"https:\/\/pipraveski.ee\/en\/wp-json\/wp\/v2\/product\/1990","targetHints":{"allow":["GET"]}}],"collection":[{"href":"https:\/\/pipraveski.ee\/en\/wp-json\/wp\/v2\/product"}],"about":[{"href":"https:\/\/pipraveski.ee\/en\/wp-json\/wp\/v2\/types\/product"}],"wp:featuredmedia":[{"embeddable":true,"href":"https:\/\/pipraveski.ee\/en\/wp-json\/wp\/v2\/media\/2020"}],"wp:attachment":[{"href":"https:\/\/pipraveski.ee\/en\/wp-json\/wp\/v2\/media?parent=1990"}],"wp:term":[{"taxonomy":"product_brand","embeddable":true,"href":"https:\/\/pipraveski.ee\/en\/wp-json\/wp\/v2\/product_brand?post=1990"},{"taxonomy":"product_cat","embeddable":true,"href":"https:\/\/pipraveski.ee\/en\/wp-json\/wp\/v2\/product_cat?post=1990"},{"taxonomy":"product_tag","embeddable":true,"href":"https:\/\/pipraveski.ee\/en\/wp-json\/wp\/v2\/product_tag?post=1990"}],"curies":[{"name":"wp","href":"https:\/\/api.w.org\/{rel}","templated":true}]}}