{"id":199,"date":"2025-10-22T19:01:17","date_gmt":"2025-10-22T16:01:17","guid":{"rendered":"https:\/\/pipraveski.ee\/?post_type=product&#038;p=199"},"modified":"2026-04-17T11:32:57","modified_gmt":"2026-04-17T08:32:57","slug":"liha-maitseainesegu-magic-71g","status":"publish","type":"product","link":"https:\/\/pipraveski.ee\/en\/product\/liha-maitseainesegu-magic-71g\/","title":{"rendered":"Meat Seasoning, Magic, 71g"},"content":{"rendered":"<p><span style=\"font-size:14px\"><span style=\"font-family: Roboto, sans-serif\">A spice mix with specially selected spices, suitable for all types of meats, grilling, frying.&nbsp;<\/span><\/span><span style=\"font-family: Roboto, sans-serif;font-size: 18px\"><span style=\"font-size:14px\">or in stews and marinades.<\/span><\/span><\/p>\n<p><span style=\"font-size:14px\"><span style=\"font-family: Roboto, sans-serif\"><strong>Ingredients:<\/strong> Salt, spices (black pepper, chilli, white pepper,<\/span><br style=\"font-family: Roboto, sans-serif;font-size: 18px\" \/><br \/>\n<span style=\"font-family: Roboto, sans-serif\">cumin), garlic, paprika, onion.<\/span><\/span><\/p>\n<p><span style=\"font-family: Roboto, sans-serif;font-size: 14px\">Nutrition information per 100g:<\/span><br \/>\n<span style=\"font-size: 14px\"><span style=\"font-family: Roboto, sans-serif\">Energy content, 190kcal\/<\/span><span style=\"font-family: Roboto, sans-serif\">795kj<\/span><br style=\"font-family: Roboto, sans-serif;font-size: 18px\" \/><br \/>\n<span style=\"font-family: Roboto, sans-serif\">Fats 3,3g<\/span><br style=\"font-family: Roboto, sans-serif;font-size: 18px\" \/><br \/>\n<span style=\"font-family: Roboto, sans-serif\">of which saturated fat 0,7g<\/span><br style=\"font-family: Roboto, sans-serif;font-size: 18px\" \/><br \/>\n<span style=\"font-family: Roboto, sans-serif\">Carbohydrates 41g<\/span><br style=\"font-family: Roboto, sans-serif;font-size: 18px\" \/><br \/>\n<span style=\"font-family: Roboto, sans-serif\">of which sugars 5,5g<\/span><br style=\"font-family: Roboto, sans-serif;font-size: 18px\" \/><br \/>\n<span style=\"font-family: Roboto, sans-serif\">Fibre 12,9g<\/span><br style=\"font-family: Roboto, sans-serif;font-size: 18px\" \/><br \/>\n<span style=\"font-family: Roboto, sans-serif\">Protein 7,9g<\/span><br style=\"font-family: Roboto, sans-serif;font-size: 18px\" \/><br \/>\n<span style=\"font-family: Roboto, sans-serif\">Salt 36,6g<\/p>\n<p>Country of origin: LA<\/span><\/span><\/p>","protected":false},"excerpt":{"rendered":"<p>V\u00fcrtsisegu spetsiaalselt valitud v\u00fcrtsidega, mis sobivad h\u00e4sti igat t\u00fc\u00fcpi lihaga, grillimisel, praadimisel&nbsp;v\u00f5i hautistes ja marinaadides. Koostisosad: Sool, v\u00fcrtsid (must pipar, t\u0161illi, valge pipar, k\u00f6\u00f6mned), k\u00fc\u00fcslauk, paprika, sibul. Toitumisalane teave 100g kohta: Energiasisaldus, 190kcal\/795kj Rasvad 3,3g millest k\u00fcllastunud rasvad 0,7g S\u00fcsivesikuid 41g millest suhkruid 5,5g Kiudaineid 12,9g Valgud 7,9g Sool 36,6g P\u00e4ritolumaa: LA<\/p>","protected":false},"featured_media":228,"template":"","meta":[],"product_brand":[],"product_cat":[307],"product_tag":[],"class_list":{"0":"post-199","1":"product","2":"type-product","3":"status-publish","4":"has-post-thumbnail","6":"product_cat-maitseainesegud","8":"first","9":"instock","10":"taxable","11":"shipping-taxable","12":"purchasable","13":"product-type-simple"},"_links":{"self":[{"href":"https:\/\/pipraveski.ee\/en\/wp-json\/wp\/v2\/product\/199","targetHints":{"allow":["GET"]}}],"collection":[{"href":"https:\/\/pipraveski.ee\/en\/wp-json\/wp\/v2\/product"}],"about":[{"href":"https:\/\/pipraveski.ee\/en\/wp-json\/wp\/v2\/types\/product"}],"wp:featuredmedia":[{"embeddable":true,"href":"https:\/\/pipraveski.ee\/en\/wp-json\/wp\/v2\/media\/228"}],"wp:attachment":[{"href":"https:\/\/pipraveski.ee\/en\/wp-json\/wp\/v2\/media?parent=199"}],"wp:term":[{"taxonomy":"product_brand","embeddable":true,"href":"https:\/\/pipraveski.ee\/en\/wp-json\/wp\/v2\/product_brand?post=199"},{"taxonomy":"product_cat","embeddable":true,"href":"https:\/\/pipraveski.ee\/en\/wp-json\/wp\/v2\/product_cat?post=199"},{"taxonomy":"product_tag","embeddable":true,"href":"https:\/\/pipraveski.ee\/en\/wp-json\/wp\/v2\/product_tag?post=199"}],"curies":[{"name":"wp","href":"https:\/\/api.w.org\/{rel}","templated":true}]}}