{"id":198,"date":"2025-10-22T19:01:17","date_gmt":"2025-10-22T16:01:17","guid":{"rendered":"https:\/\/pipraveski.ee\/?post_type=product&#038;p=198"},"modified":"2026-04-17T11:33:08","modified_gmt":"2026-04-17T08:33:08","slug":"vurtsisegu-pardile-ja-hanele-50g","status":"publish","type":"product","link":"https:\/\/pipraveski.ee\/en\/product\/vurtsisegu-pardile-ja-hanele-50g\/","title":{"rendered":"Spice mix for duck and goose, HELA, 50g"},"content":{"rendered":"<p>Maitseainesegu sobib pardile, hanele, sealihale ja raguudele.<\/p>\n<p>Koostisosad: Meresool, \u00fcrdid (roosmariin, majoraan, rosmariin, t\u00fc\u00fcmian), kuivatatud gl\u00fckoosisiirup, v\u00fcrtsid (pipar, k\u00f6\u00f6mned, sibul, ingver), rapsi\u00f5li.<\/p>\n<p><strong>Nutritional value per 100g:<\/strong><br \/>\nenergiasisaldus 311 kJ \/ 74 kcal<br \/>\nRasvad 1,8 g<br \/>\n&nbsp; sellest: k\u00fcllastunud rasvhapped 0,3g<br \/>\ns\u00fcsivesikud 11g<br \/>\n&nbsp; millest suhkrud 6,3g<br \/>\nvalgud 2,1 g<br \/>\nSool 77,8g<\/p>","protected":false},"excerpt":{"rendered":"<p>Maitseainesegu sobib pardile, hanele, sealihale ja raguudele. Koostisosad: Meresool, \u00fcrdid (roosmariin, majoraan, rosmariin, t\u00fc\u00fcmian), kuivatatud gl\u00fckoosisiirup, v\u00fcrtsid (pipar, k\u00f6\u00f6mned, sibul, ingver), rapsi\u00f5li. Toitev\u00e4\u00e4rtus 100g kohta: energiasisaldus 311 kJ \/ 74 kcal Rasvad 1,8 g &nbsp; sellest: k\u00fcllastunud rasvhapped 0,3g s\u00fcsivesikud 11g &nbsp; millest suhkrud 6,3g valgud 2,1 g Sool 77,8g<\/p>","protected":false},"featured_media":6065,"template":"","meta":[],"product_brand":[],"product_cat":[307],"product_tag":[],"class_list":{"0":"post-198","1":"product","2":"type-product","3":"status-publish","4":"has-post-thumbnail","6":"product_cat-maitseainesegud","8":"first","9":"instock","10":"taxable","11":"shipping-taxable","12":"purchasable","13":"product-type-simple"},"_links":{"self":[{"href":"https:\/\/pipraveski.ee\/en\/wp-json\/wp\/v2\/product\/198","targetHints":{"allow":["GET"]}}],"collection":[{"href":"https:\/\/pipraveski.ee\/en\/wp-json\/wp\/v2\/product"}],"about":[{"href":"https:\/\/pipraveski.ee\/en\/wp-json\/wp\/v2\/types\/product"}],"wp:featuredmedia":[{"embeddable":true,"href":"https:\/\/pipraveski.ee\/en\/wp-json\/wp\/v2\/media\/6065"}],"wp:attachment":[{"href":"https:\/\/pipraveski.ee\/en\/wp-json\/wp\/v2\/media?parent=198"}],"wp:term":[{"taxonomy":"product_brand","embeddable":true,"href":"https:\/\/pipraveski.ee\/en\/wp-json\/wp\/v2\/product_brand?post=198"},{"taxonomy":"product_cat","embeddable":true,"href":"https:\/\/pipraveski.ee\/en\/wp-json\/wp\/v2\/product_cat?post=198"},{"taxonomy":"product_tag","embeddable":true,"href":"https:\/\/pipraveski.ee\/en\/wp-json\/wp\/v2\/product_tag?post=198"}],"curies":[{"name":"wp","href":"https:\/\/api.w.org\/{rel}","templated":true}]}}