{"id":1952,"date":"2025-10-22T19:08:12","date_gmt":"2025-10-22T16:08:12","guid":{"rendered":"https:\/\/pipraveski.ee\/?post_type=product&#038;p=1952"},"modified":"2026-04-17T11:32:33","modified_gmt":"2026-04-17T08:32:33","slug":"isomalt-80g","status":"publish","type":"product","link":"https:\/\/pipraveski.ee\/en\/product\/isomalt-80g\/","title":{"rendered":"Isomalt, 80g"},"content":{"rendered":"<p>Suhkruvaba magustaja, mis on vastupidav (rohkem kui lauasuhkur) niiskusele (ei muutu kleepuvaks), ei karamelliseeru, ei muutu kollaseks, intensiivsema l\u00e4ikega.<br \/>\nLevinud koogi- ja suhkrukaunistuste tegemisel, toiduainet\u00f6\u00f6stuses kasutatakse palju ka&nbsp; maiustustes-kommides maitse tugevdajana.&nbsp;<br \/>\n\u0160okolaadides, hommikus\u00f6\u00f6gihelvestes, pagaritoodetes kasutatakse isomalti s\u00e4ilitajana &#8211; tooted p\u00fcsivad kauem v\u00e4rskete ning kr\u00f5bedatena.<\/p>\n<p>Koostisosad: isomalt.<\/p>","protected":false},"excerpt":{"rendered":"<p>Suhkruvaba magustaja, mis on vastupidav (rohkem kui lauasuhkur) niiskusele (ei muutu kleepuvaks), ei karamelliseeru, ei muutu kollaseks, intensiivsema l\u00e4ikega. Levinud koogi- ja suhkrukaunistuste tegemisel, toiduainet\u00f6\u00f6stuses kasutatakse palju ka&nbsp; maiustustes-kommides maitse tugevdajana.&nbsp; \u0160okolaadides, hommikus\u00f6\u00f6gihelvestes, pagaritoodetes kasutatakse isomalti s\u00e4ilitajana &#8211; tooted p\u00fcsivad kauem v\u00e4rskete ning kr\u00f5bedatena. Koostisosad: isomalt.<\/p>","protected":false},"featured_media":1983,"template":"","meta":[],"product_brand":[],"product_cat":[311],"product_tag":[],"class_list":{"0":"post-1952","1":"product","2":"type-product","3":"status-publish","4":"has-post-thumbnail","6":"product_cat-tekstuuriparandajad","8":"first","9":"outofstock","10":"taxable","11":"shipping-taxable","12":"purchasable","13":"product-type-simple"},"_links":{"self":[{"href":"https:\/\/pipraveski.ee\/en\/wp-json\/wp\/v2\/product\/1952","targetHints":{"allow":["GET"]}}],"collection":[{"href":"https:\/\/pipraveski.ee\/en\/wp-json\/wp\/v2\/product"}],"about":[{"href":"https:\/\/pipraveski.ee\/en\/wp-json\/wp\/v2\/types\/product"}],"wp:featuredmedia":[{"embeddable":true,"href":"https:\/\/pipraveski.ee\/en\/wp-json\/wp\/v2\/media\/1983"}],"wp:attachment":[{"href":"https:\/\/pipraveski.ee\/en\/wp-json\/wp\/v2\/media?parent=1952"}],"wp:term":[{"taxonomy":"product_brand","embeddable":true,"href":"https:\/\/pipraveski.ee\/en\/wp-json\/wp\/v2\/product_brand?post=1952"},{"taxonomy":"product_cat","embeddable":true,"href":"https:\/\/pipraveski.ee\/en\/wp-json\/wp\/v2\/product_cat?post=1952"},{"taxonomy":"product_tag","embeddable":true,"href":"https:\/\/pipraveski.ee\/en\/wp-json\/wp\/v2\/product_tag?post=1952"}],"curies":[{"name":"wp","href":"https:\/\/api.w.org\/{rel}","templated":true}]}}