{"id":1951,"date":"2025-10-22T19:08:12","date_gmt":"2025-10-22T16:08:12","guid":{"rendered":"https:\/\/pipraveski.ee\/?post_type=product&#038;p=1951"},"modified":"2026-04-17T11:31:48","modified_gmt":"2026-04-17T08:31:48","slug":"karripasta-massaman-chefs-choice-1kg","status":"publish","type":"product","link":"https:\/\/pipraveski.ee\/en\/product\/karripasta-massaman-chefs-choice-1kg\/","title":{"rendered":"Curry paste, Massaman, Chef\u00b4s Choice, 1kg"},"content":{"rendered":"<p>Rikkalik ja kreemjas Tai karripasta.<br \/>\nKoostisosad: sidrunhein, punane t\u0161illi (18%), k\u00fc\u00fcslauk, sibul, sool, kalganijuur, v\u00fcrtsid (koriander, apteegitill, muskaat\u00f5is, muskaatp\u00e4hkel, kaneel, nelk, kardemon, pipar).<\/p>\n<p>Nutrition information per 100g<br \/>\nEnergiasisaldus 590 kJ \/141 kcal<br \/>\nRasvad 2g<br \/>\nof which saturated fatty acids 0g<br \/>\nS\u00fcsivesikud 26g<br \/>\nsh suhkrud 4g<br \/>\nKiudained 15g<br \/>\nValgud 4g<br \/>\nSool 9g<\/p>\n<p>Country of origin: Thailand<\/p>","protected":false},"excerpt":{"rendered":"<p>Rikkalik ja kreemjas Tai karripasta, t\u0161illit 18%.<\/p>","protected":false},"featured_media":1982,"template":"","meta":[],"product_brand":[261],"product_cat":[308],"product_tag":[],"class_list":{"0":"post-1951","1":"product","2":"type-product","3":"status-publish","4":"has-post-thumbnail","6":"product_brand-chefs-choice","7":"product_cat-maitseaine-pastad-kastmed","9":"first","10":"outofstock","11":"taxable","12":"shipping-taxable","13":"purchasable","14":"product-type-simple"},"_links":{"self":[{"href":"https:\/\/pipraveski.ee\/en\/wp-json\/wp\/v2\/product\/1951","targetHints":{"allow":["GET"]}}],"collection":[{"href":"https:\/\/pipraveski.ee\/en\/wp-json\/wp\/v2\/product"}],"about":[{"href":"https:\/\/pipraveski.ee\/en\/wp-json\/wp\/v2\/types\/product"}],"wp:featuredmedia":[{"embeddable":true,"href":"https:\/\/pipraveski.ee\/en\/wp-json\/wp\/v2\/media\/1982"}],"wp:attachment":[{"href":"https:\/\/pipraveski.ee\/en\/wp-json\/wp\/v2\/media?parent=1951"}],"wp:term":[{"taxonomy":"product_brand","embeddable":true,"href":"https:\/\/pipraveski.ee\/en\/wp-json\/wp\/v2\/product_brand?post=1951"},{"taxonomy":"product_cat","embeddable":true,"href":"https:\/\/pipraveski.ee\/en\/wp-json\/wp\/v2\/product_cat?post=1951"},{"taxonomy":"product_tag","embeddable":true,"href":"https:\/\/pipraveski.ee\/en\/wp-json\/wp\/v2\/product_tag?post=1951"}],"curies":[{"name":"wp","href":"https:\/\/api.w.org\/{rel}","templated":true}]}}