{"id":1949,"date":"2025-10-22T19:08:12","date_gmt":"2025-10-22T16:08:12","guid":{"rendered":"https:\/\/pipraveski.ee\/?post_type=product&#038;p=1949"},"modified":"2026-04-17T11:31:49","modified_gmt":"2026-04-17T08:31:49","slug":"sinepiseemned-mustad-heera-1kg","status":"publish","type":"product","link":"https:\/\/pipraveski.ee\/en\/product\/sinepiseemned-mustad-heera-1kg\/","title":{"rendered":"Sinepiseemned, mustad, Heera, 1kg"},"content":{"rendered":"<p>\u00dcksk\u00f5ik, kas otsite ideaalset koostisosa autentse India roa jaoks v\u00f5i otsite lihtsat viisi oma lemmiktoidule maitse lisamiseks- need sinepiseemned on ideaalne lisand. Heera mustade sinepiseemnetega saate oma valmistatud karri v\u00f5i hautisega t\u00f5eliselt silma paista.&nbsp;<br \/>\nAllergiaalane teave: V\u00f5ib sisaldada j\u00e4lgi maap\u00e4hklitest, p\u00e4hklitest, seesamiseemnetest, sojast, nisust(gluteen),piimast.<\/p>\n<p>Hoiustada kuivas ja jahedas.<br \/>\nCountry of origin: India<\/p>","protected":false},"excerpt":{"rendered":"<p>\u00dcksk\u00f5ik, kas otsite ideaalset koostisosa autentse India roa jaoks v\u00f5i otsite lihtsat viisi oma lemmiktoidule maitse lisamiseks- need sinepiseemned on ideaalne lisand. Heera mustade sinepiseemnetega saate oma valmistatud karri v\u00f5i hautisega t\u00f5eliselt silma paista.&nbsp; Allergiaalane teave: V\u00f5ib sisaldada j\u00e4lgi maap\u00e4hklitest, p\u00e4hklitest, seesamiseemnetest, sojast, nisust(gluteen),piimast. Hoiustada kuivas ja jahedas. P\u00e4ritolumaa: India<\/p>","protected":false},"featured_media":1980,"template":"","meta":[],"product_brand":[],"product_cat":[338],"product_tag":[],"class_list":{"0":"post-1949","1":"product","2":"type-product","3":"status-publish","4":"has-post-thumbnail","6":"product_cat-puhtad-maitsed","8":"first","9":"instock","10":"taxable","11":"shipping-taxable","12":"purchasable","13":"product-type-simple"},"_links":{"self":[{"href":"https:\/\/pipraveski.ee\/en\/wp-json\/wp\/v2\/product\/1949","targetHints":{"allow":["GET"]}}],"collection":[{"href":"https:\/\/pipraveski.ee\/en\/wp-json\/wp\/v2\/product"}],"about":[{"href":"https:\/\/pipraveski.ee\/en\/wp-json\/wp\/v2\/types\/product"}],"wp:featuredmedia":[{"embeddable":true,"href":"https:\/\/pipraveski.ee\/en\/wp-json\/wp\/v2\/media\/1980"}],"wp:attachment":[{"href":"https:\/\/pipraveski.ee\/en\/wp-json\/wp\/v2\/media?parent=1949"}],"wp:term":[{"taxonomy":"product_brand","embeddable":true,"href":"https:\/\/pipraveski.ee\/en\/wp-json\/wp\/v2\/product_brand?post=1949"},{"taxonomy":"product_cat","embeddable":true,"href":"https:\/\/pipraveski.ee\/en\/wp-json\/wp\/v2\/product_cat?post=1949"},{"taxonomy":"product_tag","embeddable":true,"href":"https:\/\/pipraveski.ee\/en\/wp-json\/wp\/v2\/product_tag?post=1949"}],"curies":[{"name":"wp","href":"https:\/\/api.w.org\/{rel}","templated":true}]}}