{"id":1948,"date":"2025-10-22T19:08:12","date_gmt":"2025-10-22T16:08:12","guid":{"rendered":"https:\/\/pipraveski.ee\/?post_type=product&#038;p=1948"},"modified":"2026-04-17T11:31:50","modified_gmt":"2026-04-17T08:31:50","slug":"carolina-reaper-punased-tsillihelbed-50g","status":"publish","type":"product","link":"https:\/\/pipraveski.ee\/en\/product\/carolina-reaper-punased-tsillihelbed-50g\/","title":{"rendered":"Carolina Reaper red chilli flakes, 50g"},"content":{"rendered":"<div><strong>EXTREMELY FUN!<\/strong><br \/>\nCarolina Reaper Chili, world record holder.<\/p>\n<p>The taste of Carolina Reaper is, in addition to its extreme sharpness, very aromatic and also fruity-sweet, with cherry and chocolate undertones and a citrus note.<br \/>\nIt goes particularly well with dark meats such as beef or game, but also with tomato dishes or pepper sauces.<br \/>\n<em>Please don't underestimate the sharpness, the inexperienced in sharpness should not try this.<\/em><\/p>\n<p><strong>Ingredients:<\/strong>&nbsp;dried Carolina Reaper red chilli flakes.<\/p>\n<p>\n<strong>Storage:<\/strong>&nbsp;Store in a cool, dry, airtight and dark place.<\/p>\n<p><strong>Attention:&nbsp;<\/strong>dose with care! Prepare neutralising products (e.g. mascarpone toast, yoghurt, milk, ice cream, etc.) and follow normal precautions (keep children away, do not get them on hands, eyes or other sensitive parts of the body!).<\/div>","protected":false},"excerpt":{"rendered":"<p>ERITI TERAV! Carolina Reaper Chili, terve maailma rekordi omanik. Carolina Reaperi maitse on, lisaks \u00e4\u00e4rmisele teravusele, v\u00e4ga aromaatne ja ka puuviljaselt magus, kirsi ja \u0161okolaadi alatoonidega ning tsitruselise h\u00f5nguga. Sobib eriti h\u00e4sti tumeda lihaga, n\u00e4iteks veise- v\u00f5i ulukilihaga, aga ka tomatiroogadega v\u00f5i paprikakastmetega. Palun \u00e4rge alahinnake teravust, teravuse alal kogenematud ei tohiks seda proovida. Koostisosad:&nbsp;kuivatatud [&hellip;]<\/p>\n","protected":false},"featured_media":1979,"template":"","meta":[],"product_brand":[],"product_cat":[338],"product_tag":[],"class_list":{"0":"post-1948","1":"product","2":"type-product","3":"status-publish","4":"has-post-thumbnail","6":"product_cat-puhtad-maitsed","8":"first","9":"instock","10":"taxable","11":"shipping-taxable","12":"purchasable","13":"product-type-simple"},"_links":{"self":[{"href":"https:\/\/pipraveski.ee\/en\/wp-json\/wp\/v2\/product\/1948","targetHints":{"allow":["GET"]}}],"collection":[{"href":"https:\/\/pipraveski.ee\/en\/wp-json\/wp\/v2\/product"}],"about":[{"href":"https:\/\/pipraveski.ee\/en\/wp-json\/wp\/v2\/types\/product"}],"wp:featuredmedia":[{"embeddable":true,"href":"https:\/\/pipraveski.ee\/en\/wp-json\/wp\/v2\/media\/1979"}],"wp:attachment":[{"href":"https:\/\/pipraveski.ee\/en\/wp-json\/wp\/v2\/media?parent=1948"}],"wp:term":[{"taxonomy":"product_brand","embeddable":true,"href":"https:\/\/pipraveski.ee\/en\/wp-json\/wp\/v2\/product_brand?post=1948"},{"taxonomy":"product_cat","embeddable":true,"href":"https:\/\/pipraveski.ee\/en\/wp-json\/wp\/v2\/product_cat?post=1948"},{"taxonomy":"product_tag","embeddable":true,"href":"https:\/\/pipraveski.ee\/en\/wp-json\/wp\/v2\/product_tag?post=1948"}],"curies":[{"name":"wp","href":"https:\/\/api.w.org\/{rel}","templated":true}]}}