{"id":1946,"date":"2025-10-22T19:08:12","date_gmt":"2025-10-22T16:08:12","guid":{"rendered":"https:\/\/pipraveski.ee\/?post_type=product&#038;p=1946"},"modified":"2026-04-17T11:32:36","modified_gmt":"2026-04-17T08:32:36","slug":"mustad-vurtskoomned-kala-jeera-trs-50g","status":"publish","type":"product","link":"https:\/\/pipraveski.ee\/en\/product\/mustad-vurtskoomned-kala-jeera-trs-50g\/","title":{"rendered":"Black spice spices, Kala Jeera, TRS, 50g"},"content":{"rendered":"<p>K\u00f6\u00f6mned on masala (erinevate v\u00fcrtside segu liha- v\u00f5i riisiroogade viimistlemiseks) oluline koostisosa, mida kasutatakse laialdaselt Indias ja Pakistanis. K\u00f6\u00f6mneid saab kasutada ka liharoogade v\u00f5i hautiste viimistlemiseks.<\/p>\n<p>Koostisosad: 100% v\u00fcrtsk\u00f6\u00f6mned<\/p>\n<p>Nutrition information per 100g:&nbsp;<br \/>\nEnergiasisaldus 1179,89 kJ \/ 444,42kcal<br \/>\nRasv 22,02g<br \/>\nmillest k\u00fcllastunud rasvhapped 6,59g<br \/>\nS\u00fcsivesikud 0,3g<br \/>\nof which sugars 0g<br \/>\nKiudained 25g<br \/>\nValk 17,2g<br \/>\nSool 1,7g<\/p>\n<p>Country of origin: India<\/p>","protected":false},"excerpt":{"rendered":"<p>K\u00f6\u00f6mned on masala (erinevate v\u00fcrtside segu liha- v\u00f5i riisiroogade viimistlemiseks) oluline koostisosa, mida kasutatakse laialdaselt Indias ja Pakistanis. K\u00f6\u00f6mneid saab kasutada ka liharoogade v\u00f5i hautiste viimistlemiseks. Koostisosad: 100% v\u00fcrtsk\u00f6\u00f6mned Toitumisalane teave 100g kohta:&nbsp; Energiasisaldus 1179,89 kJ \/ 444,42kcal Rasv 22,02g millest k\u00fcllastunud rasvhapped 6,59g S\u00fcsivesikud 0,3g millest suhkrud 0g Kiudained 25g Valk 17,2g Sool 1,7g [&hellip;]<\/p>\n","protected":false},"featured_media":1977,"template":"","meta":[],"product_brand":[],"product_cat":[321],"product_tag":[],"class_list":{"0":"post-1946","1":"product","2":"type-product","3":"status-publish","4":"has-post-thumbnail","6":"product_cat-seemned-marjad-seened-jmt","8":"first","9":"outofstock","10":"taxable","11":"shipping-taxable","12":"purchasable","13":"product-type-simple"},"_links":{"self":[{"href":"https:\/\/pipraveski.ee\/en\/wp-json\/wp\/v2\/product\/1946","targetHints":{"allow":["GET"]}}],"collection":[{"href":"https:\/\/pipraveski.ee\/en\/wp-json\/wp\/v2\/product"}],"about":[{"href":"https:\/\/pipraveski.ee\/en\/wp-json\/wp\/v2\/types\/product"}],"wp:featuredmedia":[{"embeddable":true,"href":"https:\/\/pipraveski.ee\/en\/wp-json\/wp\/v2\/media\/1977"}],"wp:attachment":[{"href":"https:\/\/pipraveski.ee\/en\/wp-json\/wp\/v2\/media?parent=1946"}],"wp:term":[{"taxonomy":"product_brand","embeddable":true,"href":"https:\/\/pipraveski.ee\/en\/wp-json\/wp\/v2\/product_brand?post=1946"},{"taxonomy":"product_cat","embeddable":true,"href":"https:\/\/pipraveski.ee\/en\/wp-json\/wp\/v2\/product_cat?post=1946"},{"taxonomy":"product_tag","embeddable":true,"href":"https:\/\/pipraveski.ee\/en\/wp-json\/wp\/v2\/product_tag?post=1946"}],"curies":[{"name":"wp","href":"https:\/\/api.w.org\/{rel}","templated":true}]}}