{"id":1933,"date":"2025-10-22T19:08:11","date_gmt":"2025-10-22T16:08:11","guid":{"rendered":"https:\/\/pipraveski.ee\/?post_type=product&#038;p=1933"},"modified":"2026-04-17T11:32:00","modified_gmt":"2026-04-17T08:32:00","slug":"kuuslauguhelbed-50g","status":"publish","type":"product","link":"https:\/\/pipraveski.ee\/en\/product\/kuuslauguhelbed-50g\/","title":{"rendered":"K\u00fc\u00fcslauguhelbed, HELA, 50g"},"content":{"rendered":"<p>Kuivatatud k\u00fc\u00fcslaugu laastud<\/p>","protected":false},"excerpt":{"rendered":"<p>Kuivatatud k\u00fc\u00fcslaugu laastud<\/p>","protected":false},"featured_media":1963,"template":"","meta":[],"product_brand":[244],"product_cat":[338],"product_tag":[],"class_list":{"0":"post-1933","1":"product","2":"type-product","3":"status-publish","4":"has-post-thumbnail","6":"product_brand-hela","7":"product_cat-puhtad-maitsed","9":"first","10":"instock","11":"taxable","12":"shipping-taxable","13":"purchasable","14":"product-type-simple"},"_links":{"self":[{"href":"https:\/\/pipraveski.ee\/en\/wp-json\/wp\/v2\/product\/1933","targetHints":{"allow":["GET"]}}],"collection":[{"href":"https:\/\/pipraveski.ee\/en\/wp-json\/wp\/v2\/product"}],"about":[{"href":"https:\/\/pipraveski.ee\/en\/wp-json\/wp\/v2\/types\/product"}],"wp:featuredmedia":[{"embeddable":true,"href":"https:\/\/pipraveski.ee\/en\/wp-json\/wp\/v2\/media\/1963"}],"wp:attachment":[{"href":"https:\/\/pipraveski.ee\/en\/wp-json\/wp\/v2\/media?parent=1933"}],"wp:term":[{"taxonomy":"product_brand","embeddable":true,"href":"https:\/\/pipraveski.ee\/en\/wp-json\/wp\/v2\/product_brand?post=1933"},{"taxonomy":"product_cat","embeddable":true,"href":"https:\/\/pipraveski.ee\/en\/wp-json\/wp\/v2\/product_cat?post=1933"},{"taxonomy":"product_tag","embeddable":true,"href":"https:\/\/pipraveski.ee\/en\/wp-json\/wp\/v2\/product_tag?post=1933"}],"curies":[{"name":"wp","href":"https:\/\/api.w.org\/{rel}","templated":true}]}}