{"id":193,"date":"2025-10-22T19:01:17","date_gmt":"2025-10-22T16:01:17","guid":{"rendered":"https:\/\/pipraveski.ee\/?post_type=product&#038;p=193"},"modified":"2026-04-17T11:32:50","modified_gmt":"2026-04-17T08:32:50","slug":"tsilliseemned-trinidad-scorpion-moruga-blend-brown-10tk","status":"publish","type":"product","link":"https:\/\/pipraveski.ee\/en\/product\/tsilliseemned-trinidad-scorpion-moruga-blend-brown-10tk\/","title":{"rendered":"Chilli Seeds, Trinidad Scorpion Moruga Blend Brown, 10pcs"},"content":{"rendered":"<p>Kaunad k\u00fcpsevad kauni \u0161okolaadipruuni v\u00e4rviga, on veidi suuremad kui Red TSM-il, kuid sama kuumad ja on selgelt \u00e4ratuntavad t\u0161illi terava otsa naela j\u00e4rgi. Neil on v\u00e4ga aromaatne ja puuviljane maitse, v\u00f5ib-olla veidi mahedam ja suitsusem kui teistel sortidel. Need sobivad kastmeteks ja kuivatamiseks.<br \/>\n&gt; 500,000 SHU<br \/>\nIdanemistemperatuur on vahemikus 22\u00b0C kuni 28\u00b0C (idanemisperiood: 8-21 p\u00e4eva); seet\u00f5ttu on soovitatav kasutada kasvuhoonet ja k\u00fcttematti. Taimed vajavad v\u00e4rsket, h\u00e4sti v\u00e4etatud, vett l\u00e4bilaskvat mulda ega talu vettimist. Need tuleks istutada p\u00e4ikesepaistelisse, kaitstud kohta, kus on v\u00e4hemalt 6 tundi p\u00e4ikesevalgust \u2013 soovitavalt rohkem. Pane taimed \u00f5ue u. 2\u20133 n\u00e4dalat p\u00e4rast viimast k\u00fclma.Taime \u00fcletalve s\u00e4ilitamiseks l\u00f5igake see p\u00e4rast koristamist 20 cm v\u00f5rra tagasi ja asetage valgusk\u00fcllasesse kohta, kus on v\u00e4hemalt 15 \u00b0C.<\/p>","protected":false},"excerpt":{"rendered":"<p>Trindad Scorpion Moruga Blend BrownChili on Trinidad Scorpion Moruga t\u0161illi sort ja on aretatud USA-s.<\/p>","protected":false},"featured_media":222,"template":"","meta":[],"product_brand":[],"product_cat":[329],"product_tag":[],"class_list":{"0":"post-193","1":"product","2":"type-product","3":"status-publish","4":"has-post-thumbnail","6":"product_cat-tsillikasvatus","8":"first","9":"instock","10":"taxable","11":"shipping-taxable","12":"purchasable","13":"product-type-simple"},"_links":{"self":[{"href":"https:\/\/pipraveski.ee\/en\/wp-json\/wp\/v2\/product\/193","targetHints":{"allow":["GET"]}}],"collection":[{"href":"https:\/\/pipraveski.ee\/en\/wp-json\/wp\/v2\/product"}],"about":[{"href":"https:\/\/pipraveski.ee\/en\/wp-json\/wp\/v2\/types\/product"}],"wp:featuredmedia":[{"embeddable":true,"href":"https:\/\/pipraveski.ee\/en\/wp-json\/wp\/v2\/media\/222"}],"wp:attachment":[{"href":"https:\/\/pipraveski.ee\/en\/wp-json\/wp\/v2\/media?parent=193"}],"wp:term":[{"taxonomy":"product_brand","embeddable":true,"href":"https:\/\/pipraveski.ee\/en\/wp-json\/wp\/v2\/product_brand?post=193"},{"taxonomy":"product_cat","embeddable":true,"href":"https:\/\/pipraveski.ee\/en\/wp-json\/wp\/v2\/product_cat?post=193"},{"taxonomy":"product_tag","embeddable":true,"href":"https:\/\/pipraveski.ee\/en\/wp-json\/wp\/v2\/product_tag?post=193"}],"curies":[{"name":"wp","href":"https:\/\/api.w.org\/{rel}","templated":true}]}}