{"id":1928,"date":"2025-10-22T19:08:11","date_gmt":"2025-10-22T16:08:11","guid":{"rendered":"https:\/\/pipraveski.ee\/?post_type=product&#038;p=1928"},"modified":"2026-04-17T11:33:07","modified_gmt":"2026-04-17T08:33:07","slug":"toiduvarv-kollane-25g-heera","status":"publish","type":"product","link":"https:\/\/pipraveski.ee\/en\/product\/toiduvarv-kollane-25g-heera\/","title":{"rendered":"Food colouring, yellow, 25g, Heera"},"content":{"rendered":"<p>Kollane toiduv\u00e4rv, pulber.<\/p>\n<p>Koostisosad: sool, tartrasiin E102 (21%), alluurpunane E129(1,2%)<\/p>\n<p>Kasutamine: lahusta 9g pulbrit 1l tulises vees. Jahtumisel sega vedelikku pisut.<br \/>\nKasuta max 20ml toiduv\u00e4rvivedelikku 1kg toote kohta. 20ml-s on 45mg E110 toiduv\u00e4rvi.<br \/>\nToiduv\u00e4rvid E102;E110: v\u00f5ivad avaldada kahjulikku m\u00f5ju laste aktiivsusele ja t\u00e4helepanuv\u00f5imele.<\/p>\n<p>&nbsp;<\/p>","protected":false},"excerpt":{"rendered":"<p>Kollane toiduv\u00e4rv, pulber. Koostisosad: sool, tartrasiin E102 (21%), alluurpunane E129(1,2%) Kasutamine: lahusta 9g pulbrit 1l tulises vees. Jahtumisel sega vedelikku pisut. Kasuta max 20ml toiduv\u00e4rvivedelikku 1kg toote kohta. 20ml-s on 45mg E110 toiduv\u00e4rvi. Toiduv\u00e4rvid E102;E110: v\u00f5ivad avaldada kahjulikku m\u00f5ju laste aktiivsusele ja t\u00e4helepanuv\u00f5imele. &nbsp;<\/p>","protected":false},"featured_media":1958,"template":"","meta":[],"product_brand":[240],"product_cat":[339],"product_tag":[],"class_list":{"0":"post-1928","1":"product","2":"type-product","3":"status-publish","4":"has-post-thumbnail","6":"product_brand-heera","7":"product_cat-toiduvarvid","9":"first","10":"instock","11":"taxable","12":"shipping-taxable","13":"purchasable","14":"product-type-simple"},"_links":{"self":[{"href":"https:\/\/pipraveski.ee\/en\/wp-json\/wp\/v2\/product\/1928","targetHints":{"allow":["GET"]}}],"collection":[{"href":"https:\/\/pipraveski.ee\/en\/wp-json\/wp\/v2\/product"}],"about":[{"href":"https:\/\/pipraveski.ee\/en\/wp-json\/wp\/v2\/types\/product"}],"wp:featuredmedia":[{"embeddable":true,"href":"https:\/\/pipraveski.ee\/en\/wp-json\/wp\/v2\/media\/1958"}],"wp:attachment":[{"href":"https:\/\/pipraveski.ee\/en\/wp-json\/wp\/v2\/media?parent=1928"}],"wp:term":[{"taxonomy":"product_brand","embeddable":true,"href":"https:\/\/pipraveski.ee\/en\/wp-json\/wp\/v2\/product_brand?post=1928"},{"taxonomy":"product_cat","embeddable":true,"href":"https:\/\/pipraveski.ee\/en\/wp-json\/wp\/v2\/product_cat?post=1928"},{"taxonomy":"product_tag","embeddable":true,"href":"https:\/\/pipraveski.ee\/en\/wp-json\/wp\/v2\/product_tag?post=1928"}],"curies":[{"name":"wp","href":"https:\/\/api.w.org\/{rel}","templated":true}]}}