{"id":1927,"date":"2025-10-22T19:08:11","date_gmt":"2025-10-22T16:08:11","guid":{"rendered":"https:\/\/pipraveski.ee\/?post_type=product&#038;p=1927"},"modified":"2026-04-17T11:31:48","modified_gmt":"2026-04-17T08:31:48","slug":"sriracha-tsillikaste-panich-520ml","status":"publish","type":"product","link":"https:\/\/pipraveski.ee\/en\/product\/sriracha-tsillikaste-panich-520ml\/","title":{"rendered":"Sriracha chilli sauce, Panich, 520ml"},"content":{"rendered":"<p>Sriraja Panich br\u00e4ndi sriracha t\u0161illikaste.<\/p>\n<p>Koostisosad: t\u0161illi 40%, vesi, suhkur, k\u00fc\u00fcslauk, sool, happesuse regulaator: \u00e4\u00e4dikhape.<\/p>\n<p><span style=\"font-size: 13px\">Nutrition information per 100ml:<\/span><br style=\"font-size: 13px\" \/><br \/>\n<span style=\"font-size: 13px\">Energiasisaldus 460 kJ \/ 110 kcal<\/span><br style=\"font-size: 13px\" \/><br \/>\n<span style=\"font-size: 13px\">Fats 0,4g<\/span><br style=\"font-size: 13px\" \/><br \/>\n<span style=\"font-size: 13px\">of which saturated fatty acids 0,1g<\/span><br style=\"font-size: 13px\" \/><br \/>\n<span style=\"font-size: 13px\">Carbohydrates 25 g<\/span><br style=\"font-size: 13px\" \/><br \/>\n<span style=\"font-size: 13px\">of which sugars 21 g<\/span><br style=\"font-size: 13px\" \/><br \/>\n<span style=\"font-size: 13px\">Protein 1,4 g<\/span><br style=\"font-size: 13px\" \/><br \/>\n<span style=\"font-size: 13px\">Sool 4,37 g<\/span><\/p>","protected":false},"excerpt":{"rendered":"<p> Sriraja Panich br\u00e4ndi sriracha t\u0161illikaste<\/p>","protected":false},"featured_media":1957,"template":"","meta":[],"product_brand":[],"product_cat":[317],"product_tag":[],"class_list":{"0":"post-1927","1":"product","2":"type-product","3":"status-publish","4":"has-post-thumbnail","6":"product_cat-kastmed-sinepid-tsatnid","8":"first","9":"outofstock","10":"taxable","11":"shipping-taxable","12":"purchasable","13":"product-type-simple"},"_links":{"self":[{"href":"https:\/\/pipraveski.ee\/en\/wp-json\/wp\/v2\/product\/1927","targetHints":{"allow":["GET"]}}],"collection":[{"href":"https:\/\/pipraveski.ee\/en\/wp-json\/wp\/v2\/product"}],"about":[{"href":"https:\/\/pipraveski.ee\/en\/wp-json\/wp\/v2\/types\/product"}],"wp:featuredmedia":[{"embeddable":true,"href":"https:\/\/pipraveski.ee\/en\/wp-json\/wp\/v2\/media\/1957"}],"wp:attachment":[{"href":"https:\/\/pipraveski.ee\/en\/wp-json\/wp\/v2\/media?parent=1927"}],"wp:term":[{"taxonomy":"product_brand","embeddable":true,"href":"https:\/\/pipraveski.ee\/en\/wp-json\/wp\/v2\/product_brand?post=1927"},{"taxonomy":"product_cat","embeddable":true,"href":"https:\/\/pipraveski.ee\/en\/wp-json\/wp\/v2\/product_cat?post=1927"},{"taxonomy":"product_tag","embeddable":true,"href":"https:\/\/pipraveski.ee\/en\/wp-json\/wp\/v2\/product_tag?post=1927"}],"curies":[{"name":"wp","href":"https:\/\/api.w.org\/{rel}","templated":true}]}}