{"id":1893,"date":"2025-10-22T19:07:56","date_gmt":"2025-10-22T16:07:56","guid":{"rendered":"https:\/\/pipraveski.ee\/?post_type=product&#038;p=1893"},"modified":"2026-04-17T11:32:43","modified_gmt":"2026-04-17T08:32:43","slug":"praeliha-vurtsisool-50g","status":"publish","type":"product","link":"https:\/\/pipraveski.ee\/en\/product\/praeliha-vurtsisool-50g\/","title":{"rendered":"Praeliha v\u00fcrtsisool, HELA, 50g"},"content":{"rendered":"<p>Grill- ja praelihale, linnulihale, kastmetele.<\/p>\n<p>Kulunorm: 20-25g 1kg kohta.<\/p>\n<p>Koostisosad: sool(62%), dekstroos, muskaatp\u00e4hkel, paprika, maitsetugevdaja E621, pipar, muskaat\u00f5is, k\u00f6\u00f6mned, v\u00fcrtsid ja maitseained.<\/p>","protected":false},"excerpt":{"rendered":"<p>Grill- ja praelihale, linnulihale, kastmetele. Kulunorm: 20-25g 1kg kohta. Koostisosad: sool(62%), dekstroos, muskaatp\u00e4hkel, paprika, maitsetugevdaja E621, pipar, muskaat\u00f5is, k\u00f6\u00f6mned, v\u00fcrtsid ja maitseained.<\/p>","protected":false},"featured_media":1924,"template":"","meta":[],"product_brand":[244],"product_cat":[307],"product_tag":[],"class_list":{"0":"post-1893","1":"product","2":"type-product","3":"status-publish","4":"has-post-thumbnail","6":"product_brand-hela","7":"product_cat-maitseainesegud","9":"first","10":"instock","11":"taxable","12":"shipping-taxable","13":"purchasable","14":"product-type-simple"},"_links":{"self":[{"href":"https:\/\/pipraveski.ee\/en\/wp-json\/wp\/v2\/product\/1893","targetHints":{"allow":["GET"]}}],"collection":[{"href":"https:\/\/pipraveski.ee\/en\/wp-json\/wp\/v2\/product"}],"about":[{"href":"https:\/\/pipraveski.ee\/en\/wp-json\/wp\/v2\/types\/product"}],"wp:featuredmedia":[{"embeddable":true,"href":"https:\/\/pipraveski.ee\/en\/wp-json\/wp\/v2\/media\/1924"}],"wp:attachment":[{"href":"https:\/\/pipraveski.ee\/en\/wp-json\/wp\/v2\/media?parent=1893"}],"wp:term":[{"taxonomy":"product_brand","embeddable":true,"href":"https:\/\/pipraveski.ee\/en\/wp-json\/wp\/v2\/product_brand?post=1893"},{"taxonomy":"product_cat","embeddable":true,"href":"https:\/\/pipraveski.ee\/en\/wp-json\/wp\/v2\/product_cat?post=1893"},{"taxonomy":"product_tag","embeddable":true,"href":"https:\/\/pipraveski.ee\/en\/wp-json\/wp\/v2\/product_tag?post=1893"}],"curies":[{"name":"wp","href":"https:\/\/api.w.org\/{rel}","templated":true}]}}