{"id":1891,"date":"2025-10-22T19:07:56","date_gmt":"2025-10-22T16:07:56","guid":{"rendered":"https:\/\/pipraveski.ee\/?post_type=product&#038;p=1891"},"modified":"2026-04-17T11:32:45","modified_gmt":"2026-04-17T08:32:45","slug":"karrageen-paksendaja-kappa-50g","status":"publish","type":"product","link":"https:\/\/pipraveski.ee\/en\/product\/karrageen-paksendaja-kappa-50g\/","title":{"rendered":"Carrageenan, thickener, (Kappa), HELA, 50g"},"content":{"rendered":"<p>Natural thickener from brown algae, gelling agent, stabiliser. Forms a strong and brittle gel\/coating.<br \/>\nBecause carrageenan works well with proteins, it is often used in various dairy products.<\/p>\n<p>Uses: fish products, cheeses, desserts, ice cream, cottage cheese, jams, marmalades, jams, sweets, etc.<\/p>\n<p>Properties: refined powder; mix in cold and then boil; loses some of its gelling power in acidic environments; for use with food - limited use.<\/p>\n<p><strong>Ingredients:<\/strong>&nbsp;carrageenan (E407), potassium chloride (E508).<\/p>\n<p>Store in a dry and cool place, protected from light.<\/p>","protected":false},"excerpt":{"rendered":"<p>Pruunvetikast saadud looduslik paksendaja, zeleeriv aine, stabilisaator. Moodustab tugeva ja rabeda geeli\/tarretise. Kuna karrageen toimib h\u00e4sti proteiinidega, siis kasutatakse seda tihti erinevates piimatoodetes. Kasutatamine: kalapooltooted, juustud, magustoidud, j\u00e4\u00e4tis, kodujuust, marmelaadid, dzhemmid, maiustused jne. Omadused: rafineeritud pulber; segada k\u00fclmas ning seej\u00e4rel keeta; kaotab osa oma tarretusv\u00f5imest happelises keskkonnas; kasutamiseks toiduga &#8211; limiteeritud kasutus. Koostisosad:&nbsp;karrageen (E407), kaaliumkloriid [&hellip;]<\/p>\n","protected":false},"featured_media":1922,"template":"","meta":[],"product_brand":[],"product_cat":[311],"product_tag":[],"class_list":{"0":"post-1891","1":"product","2":"type-product","3":"status-publish","4":"has-post-thumbnail","6":"product_cat-tekstuuriparandajad","8":"first","9":"outofstock","10":"taxable","11":"shipping-taxable","12":"purchasable","13":"product-type-simple"},"_links":{"self":[{"href":"https:\/\/pipraveski.ee\/en\/wp-json\/wp\/v2\/product\/1891","targetHints":{"allow":["GET"]}}],"collection":[{"href":"https:\/\/pipraveski.ee\/en\/wp-json\/wp\/v2\/product"}],"about":[{"href":"https:\/\/pipraveski.ee\/en\/wp-json\/wp\/v2\/types\/product"}],"wp:featuredmedia":[{"embeddable":true,"href":"https:\/\/pipraveski.ee\/en\/wp-json\/wp\/v2\/media\/1922"}],"wp:attachment":[{"href":"https:\/\/pipraveski.ee\/en\/wp-json\/wp\/v2\/media?parent=1891"}],"wp:term":[{"taxonomy":"product_brand","embeddable":true,"href":"https:\/\/pipraveski.ee\/en\/wp-json\/wp\/v2\/product_brand?post=1891"},{"taxonomy":"product_cat","embeddable":true,"href":"https:\/\/pipraveski.ee\/en\/wp-json\/wp\/v2\/product_cat?post=1891"},{"taxonomy":"product_tag","embeddable":true,"href":"https:\/\/pipraveski.ee\/en\/wp-json\/wp\/v2\/product_tag?post=1891"}],"curies":[{"name":"wp","href":"https:\/\/api.w.org\/{rel}","templated":true}]}}