{"id":189,"date":"2025-10-22T19:01:16","date_gmt":"2025-10-22T16:01:16","guid":{"rendered":"https:\/\/pipraveski.ee\/?post_type=product&#038;p=189"},"modified":"2026-04-17T11:32:13","modified_gmt":"2026-04-17T08:32:13","slug":"kimchi-salat-a-160g","status":"publish","type":"product","link":"https:\/\/pipraveski.ee\/en\/product\/kimchi-salat-a-160g\/","title":{"rendered":"Kimchi salad, A+, 160g"},"content":{"rendered":"<p>Koostisosad:&nbsp;kapsas 77%, vesi, sool, punase pipra pulber 2,5%, suhkur, koor 1,5%, k\u00fc\u00fcslauk 0,6%, ingver 0,5%, maitsetugevdaja: E621.<\/p>\n<p>See toode v\u00f5ib sisaldada <strong>nisu, muna, kala, maap\u00e4hklite, soja, piima, p\u00e4hklite, seesami ja molluskite j\u00e4\u00e4ke<\/strong>!<br \/>\nAvatuna hoida k\u00fclmkapis.<\/p>\n<p>Nutrition information per 100g<br \/>\nEnergiasisaldus 123 kJ \/ 30 kcal<br \/>\nRasvad 0,3g<br \/>\nof which saturated fatty acids 0g<br \/>\nS\u00fcsivesikud 6,1g<br \/>\nmillest suhkrud 4,4g<br \/>\nValgud 1,3g<br \/>\nSalt 1,6g<br \/>\n&nbsp;<\/p>","protected":false},"excerpt":{"rendered":"<p>Kimchi salat.<\/p>","protected":false},"featured_media":218,"template":"","meta":[],"product_brand":[],"product_cat":[323],"product_tag":[],"class_list":{"0":"post-189","1":"product","2":"type-product","3":"status-publish","4":"has-post-thumbnail","6":"product_cat-konservid","8":"first","9":"instock","10":"taxable","11":"shipping-taxable","12":"purchasable","13":"product-type-simple"},"_links":{"self":[{"href":"https:\/\/pipraveski.ee\/en\/wp-json\/wp\/v2\/product\/189","targetHints":{"allow":["GET"]}}],"collection":[{"href":"https:\/\/pipraveski.ee\/en\/wp-json\/wp\/v2\/product"}],"about":[{"href":"https:\/\/pipraveski.ee\/en\/wp-json\/wp\/v2\/types\/product"}],"wp:featuredmedia":[{"embeddable":true,"href":"https:\/\/pipraveski.ee\/en\/wp-json\/wp\/v2\/media\/218"}],"wp:attachment":[{"href":"https:\/\/pipraveski.ee\/en\/wp-json\/wp\/v2\/media?parent=189"}],"wp:term":[{"taxonomy":"product_brand","embeddable":true,"href":"https:\/\/pipraveski.ee\/en\/wp-json\/wp\/v2\/product_brand?post=189"},{"taxonomy":"product_cat","embeddable":true,"href":"https:\/\/pipraveski.ee\/en\/wp-json\/wp\/v2\/product_cat?post=189"},{"taxonomy":"product_tag","embeddable":true,"href":"https:\/\/pipraveski.ee\/en\/wp-json\/wp\/v2\/product_tag?post=189"}],"curies":[{"name":"wp","href":"https:\/\/api.w.org\/{rel}","templated":true}]}}