{"id":1888,"date":"2025-10-22T19:07:56","date_gmt":"2025-10-22T16:07:56","guid":{"rendered":"https:\/\/pipraveski.ee\/?post_type=product&#038;p=1888"},"modified":"2026-04-17T11:32:08","modified_gmt":"2026-04-17T08:32:08","slug":"jalapeno-punane-purustatud-40g","status":"publish","type":"product","link":"https:\/\/pipraveski.ee\/en\/product\/jalapeno-punane-purustatud-40g\/","title":{"rendered":"Jalapeno, red, crushed, 40g"},"content":{"rendered":"<p>Jalapono on pipardest \u00fcks mahedaim, ent \u00fcks enimtuntuim.&nbsp;<br \/>\n<span style=\"font-family: sans-serif;font-size: 14px\">Jalapeno on&nbsp;<\/span><i style=\"font-family: sans-serif;font-size: 14px\"><a href=\"https:\/\/et.wikipedia.org\/wiki\/Tex-mex\" style=\"background: none\" title=\"Tex-mex\" target=\"_blank\" rel=\"noopener\">tex-mex<\/a><\/i><span style=\"font-family: sans-serif;font-size: 14px\">-k\u00f6\u00f6gis populaarne lisand. Seda s\u00fc\u00fcakse toorelt,&nbsp;<\/span><a class=\"new\" href=\"https:\/\/et.wikipedia.org\/w\/index.php?title=Marineerimine&amp;action=edit&amp;redlink=1\" style=\"background-image: none;background-position: initial;background-size: initial;background-repeat: initial;background-attachment: initial;font-family: sans-serif;font-size: 14px\" title=\"Marineerimine (pole veel kirjutatud)\" target=\"_blank\" rel=\"noopener\">marineeritakse<\/a><span style=\"font-family: sans-serif;font-size: 14px\">&nbsp;tervelt v\u00f5i viilutatuna v\u00f5i&nbsp;<\/span><a href=\"https:\/\/et.wikipedia.org\/wiki\/Suitsutamine\" style=\"background-image: none;background-position: initial;background-size: initial;background-repeat: initial;background-attachment: initial;font-family: sans-serif;font-size: 14px\" title=\"Suitsutamine\" target=\"_blank\" rel=\"noopener\">suitsutatakse<\/a><span style=\"font-family: sans-serif;font-size: 14px\">&nbsp;(<\/span><i style=\"font-family: sans-serif;font-size: 14px\">chipotle<\/i><span style=\"font-family: sans-serif;font-size: 14px\">). Pipardest valmistatakse nii soolaseid kui ka magusaid keediseid. Et viljal on suhteliselt paks ja mahlane viljaliha, kasutatakse&nbsp;<\/span><a href=\"https:\/\/et.wikipedia.org\/wiki\/Kuivatamine\" style=\"background-image: none;background-position: initial;background-size: initial;background-repeat: initial;background-attachment: initial;font-family: sans-serif;font-size: 14px\" title=\"Kuivatamine\" target=\"_blank\" rel=\"noopener\">kuivatamist<\/a><span style=\"font-family: sans-serif;font-size: 14px\">&nbsp;s\u00e4ilitusviisina harva.<\/span><span style=\"font-family: sans-serif;font-size: 14px\">Terava maitse annab viljale&nbsp;<\/span><a class=\"new\" href=\"https:\/\/et.wikipedia.org\/w\/index.php?title=Kapsaitsiin&amp;action=edit&amp;redlink=1\" style=\"background-image: none;background-position: initial;background-size: initial;background-repeat: initial;background-attachment: initial;font-family: sans-serif;font-size: 14px\" title=\"Kapsaitsiin (pole veel kirjutatud)\" target=\"_blank\" rel=\"noopener\">kapsaitsiin<\/a><span style=\"font-family: sans-serif;font-size: 14px\">, mis tekitab&nbsp;<\/span><a href=\"https:\/\/et.wikipedia.org\/wiki\/Limaskest\" style=\"background-image: none;background-position: initial;background-size: initial;background-repeat: initial;background-attachment: initial;font-family: sans-serif;font-size: 14px\" title=\"Limaskest\" target=\"_blank\" rel=\"noopener\">limaskestaga<\/a><span style=\"font-family: sans-serif;font-size: 14px\">&nbsp;kokku puutudes p\u00f5letava tunde.<\/span><\/p>\n<p><span style=\"font-family: sans-serif;font-size: 14px\">T\u0161illipiparde kangust iseloomustava&nbsp;<\/span><a class=\"new\" href=\"https:\/\/et.wikipedia.org\/w\/index.php?title=Scoville%27i_skaala&amp;action=edit&amp;redlink=1\" style=\"background-image: none;background-position: initial;background-size: initial;background-repeat: initial;background-attachment: initial;font-family: sans-serif;font-size: 14px\" title=\"Scoville&#039;i skaala (pole veel kirjutatud)\" target=\"_blank\" rel=\"noopener\">Scoville&#8217;i skaala<\/a><span style=\"font-family: sans-serif;font-size: 14px\">&nbsp;j\u00e4rgi on jalapeno piprasus 3500\u20138000 \u00fchikut. See t\u00e4hendab, et piprasus on tuntav isegi sellises segus, millest jalapeno moodustab 1\/8000. Teda peetakse k\u00fcll kangeks, aga n\u00e4iteks&nbsp;<\/span><i style=\"font-family: sans-serif;font-size: 14px\"><a class=\"new\" href=\"https:\/\/et.wikipedia.org\/w\/index.php?title=Habanero&amp;action=edit&amp;redlink=1\" style=\"background: none\" title=\"Habanero (pole veel kirjutatud)\" target=\"_blank\" rel=\"noopener\">habanero<\/a><\/i><span style=\"font-family: sans-serif;font-size: 14px\">-pipra teravus samal skaalal on kuni 580 000.<\/p>\n<p>Jalapenomahlaga on ravitud&nbsp;<\/span><a href=\"https:\/\/et.wikipedia.org\/wiki\/Allergia\" style=\"background-image: none;background-position: initial;background-size: initial;background-repeat: initial;background-attachment: initial;font-family: sans-serif;font-size: 14px\" title=\"Allergia\" target=\"_blank\" rel=\"noopener\">allergiaid<\/a><span style=\"font-family: sans-serif;font-size: 14px\">&nbsp;ja veresoonkonna haigusi.<br \/>\nKapsaitsiin on aine, mis parandab&nbsp;<\/span><a class=\"new\" href=\"https:\/\/et.wikipedia.org\/w\/index.php?title=Sedimine&amp;action=edit&amp;redlink=1\" style=\"background-image: none;background-position: initial;background-size: initial;background-repeat: initial;background-attachment: initial;font-family: sans-serif;font-size: 14px\" title=\"Sedimine (pole veel kirjutatud)\" target=\"_blank\" rel=\"noopener\">seedimist<\/a><span style=\"font-family: sans-serif;font-size: 14px\">, v\u00f5ib h\u00e4vitada&nbsp;<\/span><a class=\"new\" href=\"https:\/\/et.wikipedia.org\/w\/index.php?title=Sooleparasiit&amp;action=edit&amp;redlink=1\" style=\"background-image: none;background-position: initial;background-size: initial;background-repeat: initial;background-attachment: initial;font-family: sans-serif;font-size: 14px\" title=\"Sooleparasiit (pole veel kirjutatud)\" target=\"_blank\" rel=\"noopener\">sooleparasiite<\/a><span style=\"font-family: sans-serif;font-size: 14px\">&nbsp;ning ennetada&nbsp;<\/span><a class=\"new\" href=\"https:\/\/et.wikipedia.org\/w\/index.php?title=Maohaavad&amp;action=edit&amp;redlink=1\" style=\"background-image: none;background-position: initial;background-size: initial;background-repeat: initial;background-attachment: initial;font-family: sans-serif;font-size: 14px\" title=\"Maohaavad (pole veel kirjutatud)\" target=\"_blank\" rel=\"noopener\">maohaavu<\/a><span style=\"font-family: sans-serif;font-size: 14px\">. See suurendab ka&nbsp;<\/span><a class=\"mw-redirect\" href=\"https:\/\/et.wikipedia.org\/wiki\/Higi\" style=\"background-image: none;background-position: initial;background-size: initial;background-repeat: initial;background-attachment: initial;font-family: sans-serif;font-size: 14px\" title=\"Higi\" target=\"_blank\" rel=\"noopener\">higieritust<\/a><span style=\"font-family: sans-serif;font-size: 14px\">, mis aitab kuumas kliimas kaasa&nbsp;<\/span><a href=\"https:\/\/et.wikipedia.org\/wiki\/Termoregulatsioon\" style=\"background-image: none;background-position: initial;background-size: initial;background-repeat: initial;background-attachment: initial;font-family: sans-serif;font-size: 14px\" title=\"Termoregulatsioon\" target=\"_blank\" rel=\"noopener\">termoregulatsioonile<\/a><span style=\"font-family: sans-serif;font-size: 14px\">. Seda on kasutatud ka&nbsp;<\/span><a href=\"https:\/\/et.wikipedia.org\/wiki\/Valuvaigisti\" style=\"background-image: none;background-position: initial;background-size: initial;background-repeat: initial;background-attachment: initial;font-family: sans-serif;font-size: 14px\" title=\"Valuvaigisti\" target=\"_blank\" rel=\"noopener\">valuvaigistina<\/a><span style=\"font-family: sans-serif;font-size: 14px\">, sealhulgas&nbsp;<\/span><a href=\"https:\/\/et.wikipedia.org\/wiki\/Salv\" style=\"background-image: none;background-position: initial;background-size: initial;background-repeat: initial;background-attachment: initial;font-family: sans-serif;font-size: 14px\" title=\"Salv\" target=\"_blank\" rel=\"noopener\">salvide<\/a><span style=\"font-family: sans-serif;font-size: 14px\">&nbsp;ja plaastrite kujul. Salv leevendab&nbsp;<\/span><a href=\"https:\/\/et.wikipedia.org\/wiki\/Psoriaas\" style=\"background-image: none;background-position: initial;background-size: initial;background-repeat: initial;background-attachment: initial;font-family: sans-serif;font-size: 14px\" title=\"Psoriaas\" target=\"_blank\" rel=\"noopener\">psoriaasivaevusi<\/a><span style=\"font-family: sans-serif;font-size: 14px\">.<br \/>\nJalapeno on&nbsp;<\/span><i style=\"font-family: sans-serif;font-size: 14px\"><a href=\"https:\/\/et.wikipedia.org\/wiki\/Tex-mex\" style=\"background: none\" title=\"Tex-mex\" target=\"_blank\" rel=\"noopener\">tex-mex<\/a><\/i><span style=\"font-family: sans-serif;font-size: 14px\">-k\u00f6\u00f6gis populaarne lisand.&nbsp;<\/span><\/p>","protected":false},"excerpt":{"rendered":"<p>Mahedamaitseline ning populaarne piprasort, purustatud ja kuivatatud.<\/p>","protected":false},"featured_media":1919,"template":"","meta":[],"product_brand":[],"product_cat":[338],"product_tag":[],"class_list":{"0":"post-1888","1":"product","2":"type-product","3":"status-publish","4":"has-post-thumbnail","6":"product_cat-puhtad-maitsed","8":"first","9":"instock","10":"sale","11":"taxable","12":"shipping-taxable","13":"purchasable","14":"product-type-simple"},"_links":{"self":[{"href":"https:\/\/pipraveski.ee\/en\/wp-json\/wp\/v2\/product\/1888","targetHints":{"allow":["GET"]}}],"collection":[{"href":"https:\/\/pipraveski.ee\/en\/wp-json\/wp\/v2\/product"}],"about":[{"href":"https:\/\/pipraveski.ee\/en\/wp-json\/wp\/v2\/types\/product"}],"wp:featuredmedia":[{"embeddable":true,"href":"https:\/\/pipraveski.ee\/en\/wp-json\/wp\/v2\/media\/1919"}],"wp:attachment":[{"href":"https:\/\/pipraveski.ee\/en\/wp-json\/wp\/v2\/media?parent=1888"}],"wp:term":[{"taxonomy":"product_brand","embeddable":true,"href":"https:\/\/pipraveski.ee\/en\/wp-json\/wp\/v2\/product_brand?post=1888"},{"taxonomy":"product_cat","embeddable":true,"href":"https:\/\/pipraveski.ee\/en\/wp-json\/wp\/v2\/product_cat?post=1888"},{"taxonomy":"product_tag","embeddable":true,"href":"https:\/\/pipraveski.ee\/en\/wp-json\/wp\/v2\/product_tag?post=1888"}],"curies":[{"name":"wp","href":"https:\/\/api.w.org\/{rel}","templated":true}]}}