{"id":1887,"date":"2025-10-22T19:07:56","date_gmt":"2025-10-22T16:07:56","guid":{"rendered":"https:\/\/pipraveski.ee\/?post_type=product&#038;p=1887"},"modified":"2026-04-17T11:32:07","modified_gmt":"2026-04-17T08:32:07","slug":"laim-marineeritud-mahe-283g-pataks","status":"publish","type":"product","link":"https:\/\/pipraveski.ee\/en\/product\/laim-marineeritud-mahe-283g-pataks\/","title":{"rendered":"Lime, marinated (organic), 283g (Patak's)"},"content":{"rendered":"<p>Toitumisalne teave 100g kohta:<br \/>\nEnergiasisaldus 790kj\/191kcal<br \/>\nRasvad 16,9g<br \/>\nof which saturated fatty acids 1,2g<br \/>\nCarbohydrates 3,3g<br \/>\nmillest suhkrud 2,1g<br \/>\nValgud 2,4g<br \/>\nSool 8,8g<\/p>","protected":false},"excerpt":{"rendered":"<p>Koostis: laim (65%), rapsi\u00f5li, sool, jahvatatud v\u00fcrtsid (3%) (v\u00fcrtsid, paprika, SINEP), happeregulaator (\u00e4\u00e4dikhape), purustatud SINEPIseemned, purustatud lambal\u00e4\u00e4tse seemned.<\/p>","protected":false},"featured_media":1918,"template":"","meta":[],"product_brand":[245],"product_cat":[323],"product_tag":[],"class_list":{"0":"post-1887","1":"product","2":"type-product","3":"status-publish","4":"has-post-thumbnail","6":"product_brand-pataks","7":"product_cat-konservid","9":"first","10":"instock","11":"taxable","12":"shipping-taxable","13":"purchasable","14":"product-type-simple"},"_links":{"self":[{"href":"https:\/\/pipraveski.ee\/en\/wp-json\/wp\/v2\/product\/1887","targetHints":{"allow":["GET"]}}],"collection":[{"href":"https:\/\/pipraveski.ee\/en\/wp-json\/wp\/v2\/product"}],"about":[{"href":"https:\/\/pipraveski.ee\/en\/wp-json\/wp\/v2\/types\/product"}],"wp:featuredmedia":[{"embeddable":true,"href":"https:\/\/pipraveski.ee\/en\/wp-json\/wp\/v2\/media\/1918"}],"wp:attachment":[{"href":"https:\/\/pipraveski.ee\/en\/wp-json\/wp\/v2\/media?parent=1887"}],"wp:term":[{"taxonomy":"product_brand","embeddable":true,"href":"https:\/\/pipraveski.ee\/en\/wp-json\/wp\/v2\/product_brand?post=1887"},{"taxonomy":"product_cat","embeddable":true,"href":"https:\/\/pipraveski.ee\/en\/wp-json\/wp\/v2\/product_cat?post=1887"},{"taxonomy":"product_tag","embeddable":true,"href":"https:\/\/pipraveski.ee\/en\/wp-json\/wp\/v2\/product_tag?post=1887"}],"curies":[{"name":"wp","href":"https:\/\/api.w.org\/{rel}","templated":true}]}}