{"id":1886,"date":"2025-10-22T19:07:56","date_gmt":"2025-10-22T16:07:56","guid":{"rendered":"https:\/\/pipraveski.ee\/?post_type=product&#038;p=1886"},"modified":"2026-04-17T11:31:51","modified_gmt":"2026-04-17T08:31:51","slug":"oliivioli-basiilikuga-kulmpressitud-galantino-250ml","status":"publish","type":"product","link":"https:\/\/pipraveski.ee\/en\/product\/oliivioli-basiilikuga-kulmpressitud-galantino-250ml\/","title":{"rendered":"Olive oil with basil, cold pressed, Galantino, 250ml"},"content":{"rendered":"<p><span style=\"font-size:14px\"><span style=\"font-family: Roboto, sans-serif\">K\u00fclmpressitud oliivi\u00f5li, mis pressitakse traditsiooniliselt graniidist veskikivide vahel. \u00d5li on maitsestatud v\u00e4rske basiilikuga. Sobib suurep\u00e4raselt&nbsp;<\/span><span style=\"font-family: Roboto, sans-serif\">bruschetta, mozzarella, pasta ja salatitega. \u00d5li, millel on \u00f5rn ja meeldiv l\u00f5hn.<\/p>\n<p>Koostisosad:&nbsp;Ekstra neitsioliivi\u00f5li 99%, basiilik 1%.<\/span><\/span><\/p>\n<p><span style=\"font-family: Roboto, sans-serif;font-size: 14px\">Nutrition information per 100ml:<\/span><br \/>\n<span style=\"font-size:14px\"><span style=\"font-family: Roboto, sans-serif\">Energy content&nbsp;<\/span><span style=\"font-family: Roboto, sans-serif\">3389kj \/&nbsp;<\/span><\/span><span style=\"font-family: Roboto, sans-serif;font-size: 14px\">824kcal<\/span><br style=\"font-family: Roboto, sans-serif;font-size: 18px\" \/><br \/>\n<span style=\"font-size:14px\"><span style=\"font-family: Roboto, sans-serif\">Fats 92g<\/span><br style=\"font-family: Roboto, sans-serif;font-size: 18px\" \/><br \/>\n<span style=\"font-family: Roboto, sans-serif\">millest k\u00fcllastunud rasvhapped 13g<\/span><br style=\"font-family: Roboto, sans-serif;font-size: 18px\" \/><br \/>\n<span style=\"font-family: Roboto, sans-serif\">S\u00fcsivesikuid 0g<\/span><br style=\"font-family: Roboto, sans-serif;font-size: 18px\" \/><br \/>\n<span style=\"font-family: Roboto, sans-serif\">of which sugars 0g<\/span><br style=\"font-family: Roboto, sans-serif;font-size: 18px\" \/><br \/>\n<span style=\"font-family: Roboto, sans-serif\">Protein 0g<\/span><br style=\"font-family: Roboto, sans-serif;font-size: 18px\" \/><br \/>\n<span style=\"font-family: Roboto, sans-serif\">Salt 0g<\/span><\/span><\/p>\n<p>Country of origin: Italy<br \/>\n&nbsp;<\/p>","protected":false},"excerpt":{"rendered":"<p>See ekstra neitsioliivi\u00f5li on toodetud looduslikul meetodil, purustades lihtsalt k\u00fcpsed oliivid ja v\u00e4rske basiilik, ilma essentse lisamata!<\/p>","protected":false},"featured_media":1917,"template":"","meta":[],"product_brand":[],"product_cat":[315],"product_tag":[],"class_list":{"0":"post-1886","1":"product","2":"type-product","3":"status-publish","4":"has-post-thumbnail","6":"product_cat-olid-rasvad","8":"first","9":"instock","10":"taxable","11":"shipping-taxable","12":"purchasable","13":"product-type-simple"},"_links":{"self":[{"href":"https:\/\/pipraveski.ee\/en\/wp-json\/wp\/v2\/product\/1886","targetHints":{"allow":["GET"]}}],"collection":[{"href":"https:\/\/pipraveski.ee\/en\/wp-json\/wp\/v2\/product"}],"about":[{"href":"https:\/\/pipraveski.ee\/en\/wp-json\/wp\/v2\/types\/product"}],"wp:featuredmedia":[{"embeddable":true,"href":"https:\/\/pipraveski.ee\/en\/wp-json\/wp\/v2\/media\/1917"}],"wp:attachment":[{"href":"https:\/\/pipraveski.ee\/en\/wp-json\/wp\/v2\/media?parent=1886"}],"wp:term":[{"taxonomy":"product_brand","embeddable":true,"href":"https:\/\/pipraveski.ee\/en\/wp-json\/wp\/v2\/product_brand?post=1886"},{"taxonomy":"product_cat","embeddable":true,"href":"https:\/\/pipraveski.ee\/en\/wp-json\/wp\/v2\/product_cat?post=1886"},{"taxonomy":"product_tag","embeddable":true,"href":"https:\/\/pipraveski.ee\/en\/wp-json\/wp\/v2\/product_tag?post=1886"}],"curies":[{"name":"wp","href":"https:\/\/api.w.org\/{rel}","templated":true}]}}