{"id":1883,"date":"2025-10-22T19:07:56","date_gmt":"2025-10-22T16:07:56","guid":{"rendered":"https:\/\/pipraveski.ee\/?post_type=product&#038;p=1883"},"modified":"2026-04-17T11:32:37","modified_gmt":"2026-04-17T08:32:37","slug":"psulliumi-kestad-bio-500g","status":"publish","type":"product","link":"https:\/\/pipraveski.ee\/en\/product\/psulliumi-kestad-bio-500g\/","title":{"rendered":"Psyllium husks, Organic, 500g"},"content":{"rendered":"<p>High quality Indian tea leaf seed husks. psyllium seed husks.<br \/>\nUse: mix into vegetable dishes or yoghurt, with juice, suitable for thickening soups, kissels, etc.<br \/>\nIn gluten-free baked goods, it helps to improve dough binding.<\/p>\n<p>Since psyllium husk absorbs a lot of water and swells a lot (up to 20 times), you need to drink plenty of fluids when consuming the product! 1 teaspoon of shells is suitable for 200ml of liquid.<br \/>\nKeep dry and cool. Open in an airtight container.<br \/>\nSuitable for vegetarians.<\/p>\n<p>Composition: 99% psyllium shells.<\/p>\n<p>Nutrition information per 100g:<br \/>\nEnergy content 186 kcal\/ 779kJ<br \/>\nFats 0,2g<br \/>\nof which saturated fatty acids 0,021g<br \/>\nCarbohydrates 2g<br \/>\nof which sugars 0,0 g<br \/>\nFibre 85g<br \/>\nProtein1,6g<\/p>","protected":false},"excerpt":{"rendered":"<p>Kvaliteetsed India teelehe e. ps\u00fclliumi seemnekestad. Kasutamine: segada k\u00f6\u00f6giviljatoitudesse v\u00f5i jogurti, mahlaga, sobib suppide, kissellide jms paksendamiseks. Gluteenivabades k\u00fcpsetistes aitab parandada taigna siduvust. Kuna ps\u00fclliumi koored imavad palju vett ja paisuvad rohkelt (kuni 20 korda), tuleb toodet tarbides juua piisavalt vedelikku! 1 tl kestasid on sobilik 200ml vedelikule. Hoida kuivas ja jahedas. Avatuna \u00f5hukindlas anumas. [&hellip;]<\/p>\n","protected":false},"featured_media":1914,"template":"","meta":[],"product_brand":[],"product_cat":[318],"product_tag":[],"class_list":{"0":"post-1883","1":"product","2":"type-product","3":"status-publish","4":"has-post-thumbnail","6":"product_cat-jahu-kuivsegu","8":"first","9":"outofstock","10":"taxable","11":"shipping-taxable","12":"purchasable","13":"product-type-simple"},"_links":{"self":[{"href":"https:\/\/pipraveski.ee\/en\/wp-json\/wp\/v2\/product\/1883","targetHints":{"allow":["GET"]}}],"collection":[{"href":"https:\/\/pipraveski.ee\/en\/wp-json\/wp\/v2\/product"}],"about":[{"href":"https:\/\/pipraveski.ee\/en\/wp-json\/wp\/v2\/types\/product"}],"wp:featuredmedia":[{"embeddable":true,"href":"https:\/\/pipraveski.ee\/en\/wp-json\/wp\/v2\/media\/1914"}],"wp:attachment":[{"href":"https:\/\/pipraveski.ee\/en\/wp-json\/wp\/v2\/media?parent=1883"}],"wp:term":[{"taxonomy":"product_brand","embeddable":true,"href":"https:\/\/pipraveski.ee\/en\/wp-json\/wp\/v2\/product_brand?post=1883"},{"taxonomy":"product_cat","embeddable":true,"href":"https:\/\/pipraveski.ee\/en\/wp-json\/wp\/v2\/product_cat?post=1883"},{"taxonomy":"product_tag","embeddable":true,"href":"https:\/\/pipraveski.ee\/en\/wp-json\/wp\/v2\/product_tag?post=1883"}],"curies":[{"name":"wp","href":"https:\/\/api.w.org\/{rel}","templated":true}]}}