{"id":1879,"date":"2025-10-22T19:07:56","date_gmt":"2025-10-22T16:07:56","guid":{"rendered":"https:\/\/pipraveski.ee\/?post_type=product&#038;p=1879"},"modified":"2026-04-17T11:31:39","modified_gmt":"2026-04-17T08:31:39","slug":"kanapuljongi-pulber-hela-100g","status":"publish","type":"product","link":"https:\/\/pipraveski.ee\/en\/product\/kanapuljongi-pulber-hela-100g\/","title":{"rendered":"Chicken Powder, HELA, 100g"},"content":{"rendered":"<p>Ingredients: Iodised salt, maltodextrin, sugar, yeast extract, chicken fat (3,6%), flavouring, chicken extract (0,6%), spices, caramel sugar, liquorice extract, rosemary.<\/p>\n<p>Storage Keep in a cool (&lt;25 \u00b0C) dry place out of direct sunlight, keep container tightly closed.<\/p>\n<p>Country of origin: Germany<\/p>","protected":false},"excerpt":{"rendered":"<p>Koostisosad: Jodeeritud sool, maltodekstriin, suhkur, p\u00e4rmiekstrakt, kanarasv (3,6%), l\u00f5hna- ja maitseaine, kana ekstrakt (0,6%), v\u00fcrtsid, karamellisuhkur, leesputke ekstrakt, rosmariin. S\u00e4ilitamine:&nbsp;Hoida jahedas (&lt;25 \u00b0C) ja kuivas ning mitte j\u00e4tta otsese p\u00e4ikesevalguse k\u00e4tte, hoida anum h\u00e4sti suletuna. P\u00e4ritolumaa: Saksamaa<\/p>","protected":false},"featured_media":1910,"template":"","meta":[],"product_brand":[],"product_cat":[307],"product_tag":[],"class_list":{"0":"post-1879","1":"product","2":"type-product","3":"status-publish","4":"has-post-thumbnail","6":"product_cat-maitseainesegud","8":"first","9":"instock","10":"sale","11":"taxable","12":"shipping-taxable","13":"purchasable","14":"product-type-simple"},"_links":{"self":[{"href":"https:\/\/pipraveski.ee\/en\/wp-json\/wp\/v2\/product\/1879","targetHints":{"allow":["GET"]}}],"collection":[{"href":"https:\/\/pipraveski.ee\/en\/wp-json\/wp\/v2\/product"}],"about":[{"href":"https:\/\/pipraveski.ee\/en\/wp-json\/wp\/v2\/types\/product"}],"wp:featuredmedia":[{"embeddable":true,"href":"https:\/\/pipraveski.ee\/en\/wp-json\/wp\/v2\/media\/1910"}],"wp:attachment":[{"href":"https:\/\/pipraveski.ee\/en\/wp-json\/wp\/v2\/media?parent=1879"}],"wp:term":[{"taxonomy":"product_brand","embeddable":true,"href":"https:\/\/pipraveski.ee\/en\/wp-json\/wp\/v2\/product_brand?post=1879"},{"taxonomy":"product_cat","embeddable":true,"href":"https:\/\/pipraveski.ee\/en\/wp-json\/wp\/v2\/product_cat?post=1879"},{"taxonomy":"product_tag","embeddable":true,"href":"https:\/\/pipraveski.ee\/en\/wp-json\/wp\/v2\/product_tag?post=1879"}],"curies":[{"name":"wp","href":"https:\/\/api.w.org\/{rel}","templated":true}]}}