{"id":1874,"date":"2025-10-22T19:07:56","date_gmt":"2025-10-22T16:07:56","guid":{"rendered":"https:\/\/pipraveski.ee\/?post_type=product&#038;p=1874"},"modified":"2026-04-17T11:31:41","modified_gmt":"2026-04-17T08:31:41","slug":"urdisool-50g","status":"publish","type":"product","link":"https:\/\/pipraveski.ee\/en\/product\/urdisool-50g\/","title":{"rendered":"Ground salt, 50g"},"content":{"rendered":"<p>Lisada maitse j\u00e4rgi.<\/p>\n<p>Koostisosad: sool (60%), petersell, k\u00fc\u00fcslauk, sibul, till, pipar, harakputk, estragon, ubarohi jt. maitsetaimed.<\/p>","protected":false},"excerpt":{"rendered":"<p>Lisada maitse j\u00e4rgi. Koostisosad: sool (60%), petersell, k\u00fc\u00fcslauk, sibul, till, pipar, harakputk, estragon, ubarohi jt. maitsetaimed.<\/p>","protected":false},"featured_media":1905,"template":"","meta":[],"product_brand":[244],"product_cat":[309],"product_tag":[],"class_list":{"0":"post-1874","1":"product","2":"type-product","3":"status-publish","4":"has-post-thumbnail","6":"product_brand-hela","7":"product_cat-suhkur-sool","9":"first","10":"instock","11":"sale","12":"taxable","13":"shipping-taxable","14":"purchasable","15":"product-type-simple"},"_links":{"self":[{"href":"https:\/\/pipraveski.ee\/en\/wp-json\/wp\/v2\/product\/1874","targetHints":{"allow":["GET"]}}],"collection":[{"href":"https:\/\/pipraveski.ee\/en\/wp-json\/wp\/v2\/product"}],"about":[{"href":"https:\/\/pipraveski.ee\/en\/wp-json\/wp\/v2\/types\/product"}],"wp:featuredmedia":[{"embeddable":true,"href":"https:\/\/pipraveski.ee\/en\/wp-json\/wp\/v2\/media\/1905"}],"wp:attachment":[{"href":"https:\/\/pipraveski.ee\/en\/wp-json\/wp\/v2\/media?parent=1874"}],"wp:term":[{"taxonomy":"product_brand","embeddable":true,"href":"https:\/\/pipraveski.ee\/en\/wp-json\/wp\/v2\/product_brand?post=1874"},{"taxonomy":"product_cat","embeddable":true,"href":"https:\/\/pipraveski.ee\/en\/wp-json\/wp\/v2\/product_cat?post=1874"},{"taxonomy":"product_tag","embeddable":true,"href":"https:\/\/pipraveski.ee\/en\/wp-json\/wp\/v2\/product_tag?post=1874"}],"curies":[{"name":"wp","href":"https:\/\/api.w.org\/{rel}","templated":true}]}}