{"id":1870,"date":"2025-10-22T19:07:55","date_gmt":"2025-10-22T16:07:55","guid":{"rendered":"https:\/\/pipraveski.ee\/?post_type=product&#038;p=1870"},"modified":"2026-04-17T11:32:06","modified_gmt":"2026-04-17T08:32:06","slug":"alkomeeter-etuul","status":"publish","type":"product","link":"https:\/\/pipraveski.ee\/en\/product\/alkomeeter-etuul\/","title":{"rendered":"Alkymeter, ethyl"},"content":{"rendered":"<p>V\u00f5imaldab m\u00e4\u00e4rata alkoholi kanguse.<\/p>","protected":false},"excerpt":{"rendered":"<p>Alkoholi kanguse m\u00f5\u00f5tja.<\/p>","protected":false},"featured_media":1900,"template":"","meta":[],"product_brand":[],"product_cat":[328],"product_tag":[],"class_list":{"0":"post-1870","1":"product","2":"type-product","3":"status-publish","4":"has-post-thumbnail","6":"product_cat-veini-ja-olletarvikud","8":"first","9":"instock","10":"taxable","11":"shipping-taxable","12":"purchasable","13":"product-type-simple"},"_links":{"self":[{"href":"https:\/\/pipraveski.ee\/en\/wp-json\/wp\/v2\/product\/1870","targetHints":{"allow":["GET"]}}],"collection":[{"href":"https:\/\/pipraveski.ee\/en\/wp-json\/wp\/v2\/product"}],"about":[{"href":"https:\/\/pipraveski.ee\/en\/wp-json\/wp\/v2\/types\/product"}],"wp:featuredmedia":[{"embeddable":true,"href":"https:\/\/pipraveski.ee\/en\/wp-json\/wp\/v2\/media\/1900"}],"wp:attachment":[{"href":"https:\/\/pipraveski.ee\/en\/wp-json\/wp\/v2\/media?parent=1870"}],"wp:term":[{"taxonomy":"product_brand","embeddable":true,"href":"https:\/\/pipraveski.ee\/en\/wp-json\/wp\/v2\/product_brand?post=1870"},{"taxonomy":"product_cat","embeddable":true,"href":"https:\/\/pipraveski.ee\/en\/wp-json\/wp\/v2\/product_cat?post=1870"},{"taxonomy":"product_tag","embeddable":true,"href":"https:\/\/pipraveski.ee\/en\/wp-json\/wp\/v2\/product_tag?post=1870"}],"curies":[{"name":"wp","href":"https:\/\/api.w.org\/{rel}","templated":true}]}}