{"id":1832,"date":"2025-10-22T19:07:40","date_gmt":"2025-10-22T16:07:40","guid":{"rendered":"https:\/\/pipraveski.ee\/?post_type=product&#038;p=1832"},"modified":"2026-04-17T11:33:07","modified_gmt":"2026-04-17T08:33:07","slug":"kaste-kuuslaugu-garlapeno-296ml","status":"publish","type":"product","link":"https:\/\/pipraveski.ee\/en\/product\/kaste-kuuslaugu-garlapeno-296ml\/","title":{"rendered":"Sauce, Garlic, Garlapeno, 296ml"},"content":{"rendered":"<p style=\"font-size: 0.975rem;line-height: 1.5rem;margin: 0rem 0rem 1.25rem;, sans-serif\">V\u00e4rsked rohelised jalapenod ja k\u00fc\u00fcslauk &#8211; \u00fclimaitsev kombo!<\/p>\n<p>Kaste on v\u00fcrtsikas, \u00f5rn ja saate maitsta v\u00e4rsket k\u00fc\u00fcslauku. Seda maitset t\u00e4iendavad rohelised jalape\u00f1o t\u0161illipiprad, roosuhkur ja laimimahl, mis annavad eksootilise h\u00f5ngu.<\/p>\n<p><span style=\", sans-serif;font-size: 15.6px\">Selle rikkalik k\u00fc\u00fcslaugup\u00f5hi ja muud soolased koostisosad annavad sellele mitmek\u00fclgsele kastmele oma originaalse&nbsp;maitse!<\/span><\/p>\n<p style=\"font-size: 0.975rem;line-height: 1.5rem;margin: 0rem 0rem 1.25rem;, sans-serif\"><strong>Usage:&nbsp;<\/strong>kana, sealiha, mereannid, pitsa, tofu v\u00f5i k\u00f6\u00f6giviljadega. V\u00f5ib&nbsp;k\u00fcpseta pliidil, grillil, ahjus v\u00f5i mikrolaineahjus. Sobib ka suurep\u00e4raselt marinaadidele.<\/p>\n<p>\n<strong>Ingredients: <\/strong>v<span style=\", sans-serif;font-size: 15px\">esi, k\u00fc\u00fcslauk 15%, jalape\u00f1o t\u0161illi 12%, sibul, maisit\u00e4rklis, roosuhkur, koriander 2%, destilleeritud \u00e4\u00e4dikas, sool, soja\u00f5li, laimimahl 5%, askorbiinhape (C-vitamiin).&nbsp;<\/span><\/p>\n<p><strong>Allergens:<\/strong> soja.<\/p>\n<p><strong>Nutrition information per 100g:<\/strong><br \/>\nEnergia 251,04 kJ \/ 60 kcal<br \/>\nFat 0,5g<br \/>\nK\u00fcllastunud rasvhapped 0,0g<br \/>\nS\u00fcsivesikuid 12,0g<br \/>\nSuhkur 3,0g<br \/>\nProtein 1,0g<br \/>\nSool 0,53g<\/p>\n<h4 style=\"line-height: 1.625rem;margin: 0.625rem 0rem;, sans-serif;font-weight: 700;font-size: 1rem\">\n<p>&nbsp;<\/h4>","protected":false},"excerpt":{"rendered":"<p>V\u00e4rsked rohelised jalapenod ja k\u00fc\u00fcslauk &#8211; \u00fclimaitsev kombo!<\/p>","protected":false},"featured_media":1863,"template":"","meta":[],"product_brand":[],"product_cat":[317],"product_tag":[],"class_list":{"0":"post-1832","1":"product","2":"type-product","3":"status-publish","4":"has-post-thumbnail","6":"product_cat-kastmed-sinepid-tsatnid","8":"first","9":"outofstock","10":"taxable","11":"shipping-taxable","12":"purchasable","13":"product-type-simple"},"_links":{"self":[{"href":"https:\/\/pipraveski.ee\/en\/wp-json\/wp\/v2\/product\/1832","targetHints":{"allow":["GET"]}}],"collection":[{"href":"https:\/\/pipraveski.ee\/en\/wp-json\/wp\/v2\/product"}],"about":[{"href":"https:\/\/pipraveski.ee\/en\/wp-json\/wp\/v2\/types\/product"}],"wp:featuredmedia":[{"embeddable":true,"href":"https:\/\/pipraveski.ee\/en\/wp-json\/wp\/v2\/media\/1863"}],"wp:attachment":[{"href":"https:\/\/pipraveski.ee\/en\/wp-json\/wp\/v2\/media?parent=1832"}],"wp:term":[{"taxonomy":"product_brand","embeddable":true,"href":"https:\/\/pipraveski.ee\/en\/wp-json\/wp\/v2\/product_brand?post=1832"},{"taxonomy":"product_cat","embeddable":true,"href":"https:\/\/pipraveski.ee\/en\/wp-json\/wp\/v2\/product_cat?post=1832"},{"taxonomy":"product_tag","embeddable":true,"href":"https:\/\/pipraveski.ee\/en\/wp-json\/wp\/v2\/product_tag?post=1832"}],"curies":[{"name":"wp","href":"https:\/\/api.w.org\/{rel}","templated":true}]}}