{"id":1831,"date":"2025-10-22T19:07:40","date_gmt":"2025-10-22T16:07:40","guid":{"rendered":"https:\/\/pipraveski.ee\/?post_type=product&#038;p=1831"},"modified":"2026-04-17T11:33:18","modified_gmt":"2026-04-17T08:33:18","slug":"chaat-masala-everest-100g","status":"publish","type":"product","link":"https:\/\/pipraveski.ee\/en\/product\/chaat-masala-everest-100g\/","title":{"rendered":"Chaat Masala, Everest 100g"},"content":{"rendered":"<p>Chaat masalaga saab rikkalikult maitsestada igasuguseid India t\u00e4navatoite nagu Pani Puri, Bhel Puri, Papdi Chaat, Tikki Chaat, Dahi Bhalla ja mitmed teised, et pakkuda maitseelamust!<br \/>\nSamuti v\u00f5ib see rikastada taimsete toitude (nagu idud ja salatid) maitsekoefitsienti.<\/p>\n<p>Koostisosad:Asafoetida, Bishops Weed, must pipar, must sool, k\u00f6\u00f6mned, t\u0161illi, nelk, koriander, k\u00f6\u00f6mned, kuiv ingver, kuiv mango, kachri, \u00f5unhape, piparm\u00fcndileht, muskaatp\u00e4hkel, pipar, granaat\u00f5unaseemned, kivisool.<\/p>\n<p>Nutrition information per 100 g&nbsp;<br \/>\nEnergiasisaldus: 1414kJ \/ 40 kcal<br \/>\nRasvad kokku: 3,5 g<br \/>\nK\u00fcllastunud rasvad: 0,5 g<br \/>\nKiudained: 71,7 g<br \/>\nSuhkrud: 6,2 g<br \/>\nValgud: 5 g<br \/>\n&nbsp;<\/p>","protected":false},"excerpt":{"rendered":"<p>V\u00fcrtsisegu salatite ja pirukate jaoks. Sobilik ka &#8220;t\u00e4navatoitudele&#8221;.<\/p>","protected":false},"featured_media":1862,"template":"","meta":[],"product_brand":[],"product_cat":[307],"product_tag":[],"class_list":{"0":"post-1831","1":"product","2":"type-product","3":"status-publish","4":"has-post-thumbnail","6":"product_cat-maitseainesegud","8":"first","9":"instock","10":"taxable","11":"shipping-taxable","12":"purchasable","13":"product-type-simple"},"_links":{"self":[{"href":"https:\/\/pipraveski.ee\/en\/wp-json\/wp\/v2\/product\/1831","targetHints":{"allow":["GET"]}}],"collection":[{"href":"https:\/\/pipraveski.ee\/en\/wp-json\/wp\/v2\/product"}],"about":[{"href":"https:\/\/pipraveski.ee\/en\/wp-json\/wp\/v2\/types\/product"}],"wp:featuredmedia":[{"embeddable":true,"href":"https:\/\/pipraveski.ee\/en\/wp-json\/wp\/v2\/media\/1862"}],"wp:attachment":[{"href":"https:\/\/pipraveski.ee\/en\/wp-json\/wp\/v2\/media?parent=1831"}],"wp:term":[{"taxonomy":"product_brand","embeddable":true,"href":"https:\/\/pipraveski.ee\/en\/wp-json\/wp\/v2\/product_brand?post=1831"},{"taxonomy":"product_cat","embeddable":true,"href":"https:\/\/pipraveski.ee\/en\/wp-json\/wp\/v2\/product_cat?post=1831"},{"taxonomy":"product_tag","embeddable":true,"href":"https:\/\/pipraveski.ee\/en\/wp-json\/wp\/v2\/product_tag?post=1831"}],"curies":[{"name":"wp","href":"https:\/\/api.w.org\/{rel}","templated":true}]}}