{"id":1828,"date":"2025-10-22T19:07:40","date_gmt":"2025-10-22T16:07:40","guid":{"rendered":"https:\/\/pipraveski.ee\/?post_type=product&#038;p=1828"},"modified":"2026-04-17T11:31:46","modified_gmt":"2026-04-17T08:31:46","slug":"safloor-varvohakas-5g","status":"publish","type":"product","link":"https:\/\/pipraveski.ee\/en\/product\/safloor-varvohakas-5g\/","title":{"rendered":"Safflower (colourless), HELA, 5g"},"content":{"rendered":"<p>Safloor ehk v\u00e4rvohakas.<\/p>\n<p>Safloori kasutakse vahel k\u00fcpsetamisel safrani soodsama asendusena.<br \/>\nTa lisb toidule oran\u017e\/kollase v\u00e4rvuse.<br \/>\nSamuti juuakse teena 2-3g p\u00e4evas ning lisatakse dekoorv\u00fcrtsina nii kuumadele kui k\u00fclmadele rugdele.<\/p>\n<p>Safloor sobib v\u00e4rvi andmiseks ka tekstiilile.<\/p>","protected":false},"excerpt":{"rendered":"<p>Safloor ehk v\u00e4rvohakas<\/p>","protected":false},"featured_media":1858,"template":"","meta":[],"product_brand":[],"product_cat":[306],"product_tag":[],"class_list":{"0":"post-1828","1":"product","2":"type-product","3":"status-publish","4":"has-post-thumbnail","6":"product_cat-dekoor","8":"first","9":"outofstock","10":"taxable","11":"shipping-taxable","12":"purchasable","13":"product-type-simple"},"_links":{"self":[{"href":"https:\/\/pipraveski.ee\/en\/wp-json\/wp\/v2\/product\/1828","targetHints":{"allow":["GET"]}}],"collection":[{"href":"https:\/\/pipraveski.ee\/en\/wp-json\/wp\/v2\/product"}],"about":[{"href":"https:\/\/pipraveski.ee\/en\/wp-json\/wp\/v2\/types\/product"}],"wp:featuredmedia":[{"embeddable":true,"href":"https:\/\/pipraveski.ee\/en\/wp-json\/wp\/v2\/media\/1858"}],"wp:attachment":[{"href":"https:\/\/pipraveski.ee\/en\/wp-json\/wp\/v2\/media?parent=1828"}],"wp:term":[{"taxonomy":"product_brand","embeddable":true,"href":"https:\/\/pipraveski.ee\/en\/wp-json\/wp\/v2\/product_brand?post=1828"},{"taxonomy":"product_cat","embeddable":true,"href":"https:\/\/pipraveski.ee\/en\/wp-json\/wp\/v2\/product_cat?post=1828"},{"taxonomy":"product_tag","embeddable":true,"href":"https:\/\/pipraveski.ee\/en\/wp-json\/wp\/v2\/product_tag?post=1828"}],"curies":[{"name":"wp","href":"https:\/\/api.w.org\/{rel}","templated":true}]}}