{"id":1821,"date":"2025-10-22T19:07:40","date_gmt":"2025-10-22T16:07:40","guid":{"rendered":"https:\/\/pipraveski.ee\/?post_type=product&#038;p=1821"},"modified":"2026-04-17T11:32:16","modified_gmt":"2026-04-17T08:32:16","slug":"maapahkli-pasta-100-pcd-500g","status":"publish","type":"product","link":"https:\/\/pipraveski.ee\/en\/product\/maapahkli-pasta-100-pcd-500g\/","title":{"rendered":"Peanut paste 100%, PCD, 500g"},"content":{"rendered":"<p>Maap\u00e4hklitest valmistatud pasta (maap\u00e4hkliv\u00f5i).<\/p>\n<p><strong>Ingredients: <\/strong>MAAP\u00c4HKLID 100%.<br \/>\nV\u00f5ib sisaldada teiste p\u00e4hklite j\u00e4\u00e4ke.<\/p>\n<p>Pole lisatud suhkrut!<br \/>\nsisaldab naturaalselt maap\u00e4hklis leiduvat suhkrut.<\/p>\n<p><strong>Nutrition information per 100g:<\/strong><br \/>\nEnergiasisaldus 2646kJ\/639kcal<br \/>\nRasvad 53g<br \/>\nmillest k\u00fcllastunud rasvhapped 9,5g<br \/>\nCarbohydrates 10g<br \/>\nof which sugars 6g<br \/>\nValgud 27g<br \/>\nSalt 0g<\/p>","protected":false},"excerpt":{"rendered":"<p>100% maap\u00e4hklipasta, pole lisatud suhkrut.<\/p>","protected":false},"featured_media":1851,"template":"","meta":[],"product_brand":[277],"product_cat":[322],"product_tag":[],"class_list":{"0":"post-1821","1":"product","2":"type-product","3":"status-publish","4":"has-post-thumbnail","6":"product_brand-pcd","7":"product_cat-magusad-hoidised","9":"first","10":"outofstock","11":"taxable","12":"shipping-taxable","13":"purchasable","14":"product-type-simple"},"_links":{"self":[{"href":"https:\/\/pipraveski.ee\/en\/wp-json\/wp\/v2\/product\/1821","targetHints":{"allow":["GET"]}}],"collection":[{"href":"https:\/\/pipraveski.ee\/en\/wp-json\/wp\/v2\/product"}],"about":[{"href":"https:\/\/pipraveski.ee\/en\/wp-json\/wp\/v2\/types\/product"}],"wp:featuredmedia":[{"embeddable":true,"href":"https:\/\/pipraveski.ee\/en\/wp-json\/wp\/v2\/media\/1851"}],"wp:attachment":[{"href":"https:\/\/pipraveski.ee\/en\/wp-json\/wp\/v2\/media?parent=1821"}],"wp:term":[{"taxonomy":"product_brand","embeddable":true,"href":"https:\/\/pipraveski.ee\/en\/wp-json\/wp\/v2\/product_brand?post=1821"},{"taxonomy":"product_cat","embeddable":true,"href":"https:\/\/pipraveski.ee\/en\/wp-json\/wp\/v2\/product_cat?post=1821"},{"taxonomy":"product_tag","embeddable":true,"href":"https:\/\/pipraveski.ee\/en\/wp-json\/wp\/v2\/product_tag?post=1821"}],"curies":[{"name":"wp","href":"https:\/\/api.w.org\/{rel}","templated":true}]}}