{"id":1818,"date":"2025-10-22T19:07:40","date_gmt":"2025-10-22T16:07:40","guid":{"rendered":"https:\/\/pipraveski.ee\/?post_type=product&#038;p=1818"},"modified":"2026-04-17T11:33:00","modified_gmt":"2026-04-17T08:33:00","slug":"piprasegu-lihale-mastercut-40g","status":"publish","type":"product","link":"https:\/\/pipraveski.ee\/en\/product\/piprasegu-lihale-mastercut-40g\/","title":{"rendered":"Pepper mix for meat \u201cMastercut\u201d, 40g"},"content":{"rendered":"<p>V\u00fcrtsisegu grillile, valmistoitudele, marinaadidele, k\u00fclmadele roogadele.<br \/>\nKoostisosad: v\u00fcrtsid (must pipar, paprika, roheline pipar, sibul, k\u00fc\u00fcslauk, basiilik, v\u00fcrtspipar, t\u00fc\u00fcmian), sool, suhkur, taime\u00f5li<\/p>","protected":false},"excerpt":{"rendered":"<p>V\u00fcrtsisegu grillile, valmistoitudele, marinaadidele, k\u00fclmadele roogadele. Koostisosad: v\u00fcrtsid (must pipar, paprika, roheline pipar, sibul, k\u00fc\u00fcslauk, basiilik, v\u00fcrtspipar, t\u00fc\u00fcmian), sool, suhkur, taime\u00f5li<\/p>","protected":false},"featured_media":1848,"template":"","meta":[],"product_brand":[],"product_cat":[307],"product_tag":[],"class_list":{"0":"post-1818","1":"product","2":"type-product","3":"status-publish","4":"has-post-thumbnail","6":"product_cat-maitseainesegud","8":"first","9":"instock","10":"taxable","11":"shipping-taxable","12":"purchasable","13":"product-type-simple"},"_links":{"self":[{"href":"https:\/\/pipraveski.ee\/en\/wp-json\/wp\/v2\/product\/1818","targetHints":{"allow":["GET"]}}],"collection":[{"href":"https:\/\/pipraveski.ee\/en\/wp-json\/wp\/v2\/product"}],"about":[{"href":"https:\/\/pipraveski.ee\/en\/wp-json\/wp\/v2\/types\/product"}],"wp:featuredmedia":[{"embeddable":true,"href":"https:\/\/pipraveski.ee\/en\/wp-json\/wp\/v2\/media\/1848"}],"wp:attachment":[{"href":"https:\/\/pipraveski.ee\/en\/wp-json\/wp\/v2\/media?parent=1818"}],"wp:term":[{"taxonomy":"product_brand","embeddable":true,"href":"https:\/\/pipraveski.ee\/en\/wp-json\/wp\/v2\/product_brand?post=1818"},{"taxonomy":"product_cat","embeddable":true,"href":"https:\/\/pipraveski.ee\/en\/wp-json\/wp\/v2\/product_cat?post=1818"},{"taxonomy":"product_tag","embeddable":true,"href":"https:\/\/pipraveski.ee\/en\/wp-json\/wp\/v2\/product_tag?post=1818"}],"curies":[{"name":"wp","href":"https:\/\/api.w.org\/{rel}","templated":true}]}}