{"id":1813,"date":"2025-10-22T19:07:39","date_gmt":"2025-10-22T16:07:39","guid":{"rendered":"https:\/\/pipraveski.ee\/?post_type=product&#038;p=1813"},"modified":"2026-04-17T11:32:59","modified_gmt":"2026-04-17T08:32:59","slug":"kalakaste-nam-pla-squid-300ml","status":"publish","type":"product","link":"https:\/\/pipraveski.ee\/en\/product\/kalakaste-nam-pla-squid-300ml\/","title":{"rendered":"Fish sauce (Nam Pla), Squid, 300ml"},"content":{"rendered":"<p>Aasia k\u00f6\u00f6gist p\u00e4rist kalakaste sobib soolase maitse lisamiseks igale roale.<br \/>\nKasuta n\u00e4iteks karridele, suppidele, wokkidele, marinaadidele, dipikastmetele jms.<\/p>\n<p>Koostisosad: AN\u0160OOVISE ekstrakt (KALA) 77%, sool, suhkur.<br \/>\nKala on p\u00fc\u00fctud Vaikse Ookeani FAO tsoonist nr 71.<\/p>\n<p>Nutrition information per 100 ml<br \/>\nEnergiasisaldus 221 kJ \/ 52 kcal<br \/>\nRasvad &lt;0,5 g<br \/>\nmillest k\u00fcllastunud rasvhapped &lt;0,1 g<br \/>\nS\u00fcsivesikud 2,0 g<br \/>\nmillest suhkrud 1,5 g<br \/>\nValgud 11,0 g<br \/>\nSool 21,9g<\/p>\n<p>Tootjamaa: Tai<\/p>","protected":false},"excerpt":{"rendered":"<p>Kalakaste suppidele, karrile, dipikastmeks jms<\/p>","protected":false},"featured_media":1843,"template":"","meta":[],"product_brand":[],"product_cat":[308],"product_tag":[],"class_list":{"0":"post-1813","1":"product","2":"type-product","3":"status-publish","4":"has-post-thumbnail","6":"product_cat-maitseaine-pastad-kastmed","8":"first","9":"instock","10":"taxable","11":"shipping-taxable","12":"purchasable","13":"product-type-simple"},"_links":{"self":[{"href":"https:\/\/pipraveski.ee\/en\/wp-json\/wp\/v2\/product\/1813","targetHints":{"allow":["GET"]}}],"collection":[{"href":"https:\/\/pipraveski.ee\/en\/wp-json\/wp\/v2\/product"}],"about":[{"href":"https:\/\/pipraveski.ee\/en\/wp-json\/wp\/v2\/types\/product"}],"wp:featuredmedia":[{"embeddable":true,"href":"https:\/\/pipraveski.ee\/en\/wp-json\/wp\/v2\/media\/1843"}],"wp:attachment":[{"href":"https:\/\/pipraveski.ee\/en\/wp-json\/wp\/v2\/media?parent=1813"}],"wp:term":[{"taxonomy":"product_brand","embeddable":true,"href":"https:\/\/pipraveski.ee\/en\/wp-json\/wp\/v2\/product_brand?post=1813"},{"taxonomy":"product_cat","embeddable":true,"href":"https:\/\/pipraveski.ee\/en\/wp-json\/wp\/v2\/product_cat?post=1813"},{"taxonomy":"product_tag","embeddable":true,"href":"https:\/\/pipraveski.ee\/en\/wp-json\/wp\/v2\/product_tag?post=1813"}],"curies":[{"name":"wp","href":"https:\/\/api.w.org\/{rel}","templated":true}]}}