{"id":1811,"date":"2025-10-22T19:07:39","date_gmt":"2025-10-22T16:07:39","guid":{"rendered":"https:\/\/pipraveski.ee\/?post_type=product&#038;p=1811"},"modified":"2026-04-17T11:32:42","modified_gmt":"2026-04-17T08:32:42","slug":"cayenne-jahvatatud-500g","status":"publish","type":"product","link":"https:\/\/pipraveski.ee\/en\/product\/cayenne-jahvatatud-500g\/","title":{"rendered":"Cayenne, ground, 500g"},"content":{"rendered":"<p><span style=\", sans-serif;font-size: 16px;letter-spacing: 0.2px\">Cayenne pipar \u2013 v\u00fcrtsikas punane pipar, mis lisab toitudele tulist maitset (sama teravusaste Tabasco pipraga). Cayenne on jalapenost \u00fcle 10 korra tugevam kuid Habaneroga seda v\u00f5rrelda ei anna.<\/span><br style=\", sans-serif;font-size: 16px;letter-spacing: 0.2px\" \/><br \/>\n<span style=\", sans-serif;font-size: 16px;letter-spacing: 0.2px\">Uses: seafood, egg dishes, cheese dishes, curries, sauces, dipping sauces, fried and grilled meats, chicken, potato and rice dishes.<\/span><\/p>\n<p><span style=\"font-family: opensans-regular-webfont, Arial, Tahoma;font-size: 16px\">Cayenne pepper is rich in vitamin C, which helps to strengthen the immune system and lower the risk of inflammation.<\/span><br \/>\n<span style=\"font-family: opensans-regular-webfont, Arial, Tahoma;font-size: 16px\">Cayenne contains B vitamins, which are essential for the body's energy production, and aid in the metabolism of fats, proteins and carbohydrates.<br \/>\nCayenne is rich in calcium, manganese and potassium, and it is the latter that makes cayenne an important aid for cardiovascular disease.<\/span><\/p>","protected":false},"excerpt":{"rendered":"<p>Cayenne pipar \u2013 v\u00fcrtsikas punane pipar, mis lisab toitudele tulist maitset (sama teravusaste Tabasco pipraga). Cayenne on jalapenost \u00fcle 10 korra tugevam kuid Habaneroga seda v\u00f5rrelda ei anna. Kasutamine: mereannid, munatoidud, juustutoidud, karrid, kastmed, dipikastmed, praetud ja grillitud liha, broileri-, kartuli- ja riisitoidud. Cayenne\u2019i pipar sisaldab rohkesti C-vitamiini, mis aitab tugevdada immuuns\u00fcsteemi ja alandada p\u00f5letike [&hellip;]<\/p>\n","protected":false},"featured_media":1841,"template":"","meta":[],"product_brand":[],"product_cat":[338],"product_tag":[],"class_list":{"0":"post-1811","1":"product","2":"type-product","3":"status-publish","4":"has-post-thumbnail","6":"product_cat-puhtad-maitsed","8":"first","9":"instock","10":"taxable","11":"shipping-taxable","12":"purchasable","13":"product-type-simple"},"_links":{"self":[{"href":"https:\/\/pipraveski.ee\/en\/wp-json\/wp\/v2\/product\/1811","targetHints":{"allow":["GET"]}}],"collection":[{"href":"https:\/\/pipraveski.ee\/en\/wp-json\/wp\/v2\/product"}],"about":[{"href":"https:\/\/pipraveski.ee\/en\/wp-json\/wp\/v2\/types\/product"}],"wp:featuredmedia":[{"embeddable":true,"href":"https:\/\/pipraveski.ee\/en\/wp-json\/wp\/v2\/media\/1841"}],"wp:attachment":[{"href":"https:\/\/pipraveski.ee\/en\/wp-json\/wp\/v2\/media?parent=1811"}],"wp:term":[{"taxonomy":"product_brand","embeddable":true,"href":"https:\/\/pipraveski.ee\/en\/wp-json\/wp\/v2\/product_brand?post=1811"},{"taxonomy":"product_cat","embeddable":true,"href":"https:\/\/pipraveski.ee\/en\/wp-json\/wp\/v2\/product_cat?post=1811"},{"taxonomy":"product_tag","embeddable":true,"href":"https:\/\/pipraveski.ee\/en\/wp-json\/wp\/v2\/product_tag?post=1811"}],"curies":[{"name":"wp","href":"https:\/\/api.w.org\/{rel}","templated":true}]}}