{"id":1805,"date":"2025-10-22T19:07:39","date_gmt":"2025-10-22T16:07:39","guid":{"rendered":"https:\/\/pipraveski.ee\/?post_type=product&#038;p=1805"},"modified":"2026-04-17T11:32:32","modified_gmt":"2026-04-17T08:32:32","slug":"kurkum-alibaba-1kg","status":"publish","type":"product","link":"https:\/\/pipraveski.ee\/en\/product\/kurkum-alibaba-1kg\/","title":{"rendered":"Kurkum, Alibaba, 1kg"},"content":{"rendered":"<p>Koostisosad: 100% jahvatatud kollajuur<br \/>\nV\u00f5ib sisaldada j\u00e4lgi nisust, maap\u00e4hklitest, sojast, mandlitest, india p\u00e4hklitest, pistaatsia p\u00e4hklitest, p\u00e4hklitest, sinepist, seesamissmnetest, sellerist<\/p>\n<p>Country of origin: India<\/p>","protected":false},"excerpt":{"rendered":"<p> Kurkum on \u00fcks India armastatumaid ja enim kasutatud v\u00fcrtse.<\/p>","protected":false},"featured_media":1835,"template":"","meta":[],"product_brand":[],"product_cat":[338],"product_tag":[],"class_list":{"0":"post-1805","1":"product","2":"type-product","3":"status-publish","4":"has-post-thumbnail","6":"product_cat-puhtad-maitsed","8":"first","9":"outofstock","10":"taxable","11":"shipping-taxable","12":"purchasable","13":"product-type-simple"},"_links":{"self":[{"href":"https:\/\/pipraveski.ee\/en\/wp-json\/wp\/v2\/product\/1805","targetHints":{"allow":["GET"]}}],"collection":[{"href":"https:\/\/pipraveski.ee\/en\/wp-json\/wp\/v2\/product"}],"about":[{"href":"https:\/\/pipraveski.ee\/en\/wp-json\/wp\/v2\/types\/product"}],"wp:featuredmedia":[{"embeddable":true,"href":"https:\/\/pipraveski.ee\/en\/wp-json\/wp\/v2\/media\/1835"}],"wp:attachment":[{"href":"https:\/\/pipraveski.ee\/en\/wp-json\/wp\/v2\/media?parent=1805"}],"wp:term":[{"taxonomy":"product_brand","embeddable":true,"href":"https:\/\/pipraveski.ee\/en\/wp-json\/wp\/v2\/product_brand?post=1805"},{"taxonomy":"product_cat","embeddable":true,"href":"https:\/\/pipraveski.ee\/en\/wp-json\/wp\/v2\/product_cat?post=1805"},{"taxonomy":"product_tag","embeddable":true,"href":"https:\/\/pipraveski.ee\/en\/wp-json\/wp\/v2\/product_tag?post=1805"}],"curies":[{"name":"wp","href":"https:\/\/api.w.org\/{rel}","templated":true}]}}