{"id":1769,"date":"2025-10-22T19:07:28","date_gmt":"2025-10-22T16:07:28","guid":{"rendered":"https:\/\/pipraveski.ee\/?post_type=product&#038;p=1769"},"modified":"2026-04-17T11:33:09","modified_gmt":"2026-04-17T08:33:09","slug":"sichuani-pipar-punane-50g","status":"publish","type":"product","link":"https:\/\/pipraveski.ee\/en\/product\/sichuani-pipar-punane-50g\/","title":{"rendered":"Sichuan pepper, red, 50g"},"content":{"rendered":"<p style=\"margin: 0px 0px 20px;, sans-serif;font-size: 14px\">Sichuan pepper is an aromatic and spicy pepper with a strong piney aroma and a sour and refreshing taste.&nbsp;<\/p>\n<p style=\"margin: 0px 0px 20px;, sans-serif;font-size: 14px\">Sichuan pepper is well suited for seasoning fish or chicken, stir-fries, salad dressing, noodles. Sichuan pepper is also a popular spice for stewing or marinating meat. Sichuan pepper is often used in combination with chilli, as its numbing effect balances out the spiciness of the chilli.&nbsp;<\/p>\n<p style=\"margin: 0px 0px 20px;, sans-serif;font-size: 14px\">\nIngredients: red Sichuan pepper 100%.<\/p>\n<p style=\"margin: 0px 0px 20px;, sans-serif;font-size: 14px\"><span style=\"font-weight: 700\">Nutrition information per 100 g:<\/span><br \/>\nenergy: 1520 kJ \/ 362 kcal<br \/>\nfats: 5.2 g<br \/>\n- of which saturated 0 g<br \/>\ncarbohydrates: 74.6 g<br \/>\n- of which sugars 0 g<br \/>\nproteins: 3.5 g<br \/>\nsalt: 0.04 g<\/p>","protected":false},"excerpt":{"rendered":"<p>Sichuani pipar on aromaatne ja v\u00fcrtsikas pipar, selle l\u00f5hnas on tugevalt tunda m\u00e4nninoote ning maitselt on ta hapukas ja v\u00e4rskendav.&nbsp; Sichuani pipar sobib h\u00e4sti kala v\u00f5i kana maitsestamiseks, vokiroogadesse, salatikastmesse, nuudlitele. Samuti on Sichuani pipar populaarne v\u00fcrts liha hautamisel v\u00f5i marineerimisel. Sichuani pipart kasutatakse tihtipeale koos t\u0161illiga, kuna selle tuimestav efekt tasakaalustab t\u0161illi tulisust.&nbsp; Koostisosad: [&hellip;]<\/p>\n","protected":false},"featured_media":1798,"template":"","meta":[],"product_brand":[],"product_cat":[338],"product_tag":[],"class_list":{"0":"post-1769","1":"product","2":"type-product","3":"status-publish","4":"has-post-thumbnail","6":"product_cat-puhtad-maitsed","8":"first","9":"instock","10":"taxable","11":"shipping-taxable","12":"purchasable","13":"product-type-simple"},"_links":{"self":[{"href":"https:\/\/pipraveski.ee\/en\/wp-json\/wp\/v2\/product\/1769","targetHints":{"allow":["GET"]}}],"collection":[{"href":"https:\/\/pipraveski.ee\/en\/wp-json\/wp\/v2\/product"}],"about":[{"href":"https:\/\/pipraveski.ee\/en\/wp-json\/wp\/v2\/types\/product"}],"wp:featuredmedia":[{"embeddable":true,"href":"https:\/\/pipraveski.ee\/en\/wp-json\/wp\/v2\/media\/1798"}],"wp:attachment":[{"href":"https:\/\/pipraveski.ee\/en\/wp-json\/wp\/v2\/media?parent=1769"}],"wp:term":[{"taxonomy":"product_brand","embeddable":true,"href":"https:\/\/pipraveski.ee\/en\/wp-json\/wp\/v2\/product_brand?post=1769"},{"taxonomy":"product_cat","embeddable":true,"href":"https:\/\/pipraveski.ee\/en\/wp-json\/wp\/v2\/product_cat?post=1769"},{"taxonomy":"product_tag","embeddable":true,"href":"https:\/\/pipraveski.ee\/en\/wp-json\/wp\/v2\/product_tag?post=1769"}],"curies":[{"name":"wp","href":"https:\/\/api.w.org\/{rel}","templated":true}]}}