{"id":1767,"date":"2025-10-22T19:07:28","date_gmt":"2025-10-22T16:07:28","guid":{"rendered":"https:\/\/pipraveski.ee\/?post_type=product&#038;p=1767"},"modified":"2026-04-17T11:32:43","modified_gmt":"2026-04-17T08:32:43","slug":"original-habanero-hot-kaste-bio-100ml","status":"publish","type":"product","link":"https:\/\/pipraveski.ee\/en\/product\/original-habanero-hot-kaste-bio-100ml\/","title":{"rendered":"Original Habanero Hot sauce, organic, 100ml"},"content":{"rendered":"<p>Original Habanero kuum kaste sisaldab Kariibi punast Habanero t\u0161illit, mis on kuulus oma puuviljase ja t\u00e4idlase kuumuse poolest. Rootsis Sk\u00e5nsk Chili kasvatatud kariibipunasel on umbes 5 cm k\u00f5rgused punased kaunad, mis on palju kuumemad kui oran\u017eid Habaneros. Sellel t\u0161illil on puuviljane ja t\u00e4idlane maitse ning seda kasutatakse Kariibi mere piirkonnas sageli salsade ja kuumade kastmete valmistamiseks. Scoville: 350 000\u2013445 000.<\/p>\n<p>Sk\u00e5nski t\u0161illikastmed on kirgliku orgaanilise t\u0161illi kasvatamise ja kvaliteetse toidu tootmise tulemus. Sk\u00e5nsk Chili ei taha toota ainult v\u00f5imalikult v\u00fcrtsikaid t\u0161illikasteid, vaid ka erineva kuumusastme ja tugeva iseloomuga, eriti rikkaliku maitse ja k\u00f5rge \u00e4ratundmisv\u00e4\u00e4rtusega t\u0161illikastmeid.<\/p>\n<p>Shelf life \/ Storage<br \/>\nEnne kasutamist loksutada. P\u00e4rast avamist hoida jahedas.<\/p>\n<p><strong>Ingredients:<\/strong> Kariibi punane habanero 50%, \u00f5unamahl, sibul, paprika, tomatipasta, porgand, sidrunimahl, \u00f5una\u00e4\u00e4dikas, k\u00fc\u00fc\u00fcslauk, sool.<\/p>\n<p>Nutrition information per 100g:<br \/>\nEnergiasisaldus 138KJ\/33kcal<br \/>\nFats 0,1g<br \/>\nof which saturated fatty acids 0g<br \/>\nS\u00fcsivesikud 9,5g<br \/>\nmillest suhkrud 3,7g<br \/>\nValgud 1,1g<br \/>\nSalt 1,1g<\/p>","protected":false},"excerpt":{"rendered":"<p>Original Habanero Hot Sauce on m\u00fcts ja v\u00fcrtsikas, mitmek\u00fclgne t\u0161illikaste, mis sobib h\u00e4sti k\u00f5ikide hautiste, suppide ja kastmetega. <\/p>","protected":false},"featured_media":1797,"template":"","meta":[],"product_brand":[],"product_cat":[317],"product_tag":[],"class_list":{"0":"post-1767","1":"product","2":"type-product","3":"status-publish","4":"has-post-thumbnail","6":"product_cat-kastmed-sinepid-tsatnid","8":"first","9":"outofstock","10":"taxable","11":"shipping-taxable","12":"purchasable","13":"product-type-simple"},"_links":{"self":[{"href":"https:\/\/pipraveski.ee\/en\/wp-json\/wp\/v2\/product\/1767","targetHints":{"allow":["GET"]}}],"collection":[{"href":"https:\/\/pipraveski.ee\/en\/wp-json\/wp\/v2\/product"}],"about":[{"href":"https:\/\/pipraveski.ee\/en\/wp-json\/wp\/v2\/types\/product"}],"wp:featuredmedia":[{"embeddable":true,"href":"https:\/\/pipraveski.ee\/en\/wp-json\/wp\/v2\/media\/1797"}],"wp:attachment":[{"href":"https:\/\/pipraveski.ee\/en\/wp-json\/wp\/v2\/media?parent=1767"}],"wp:term":[{"taxonomy":"product_brand","embeddable":true,"href":"https:\/\/pipraveski.ee\/en\/wp-json\/wp\/v2\/product_brand?post=1767"},{"taxonomy":"product_cat","embeddable":true,"href":"https:\/\/pipraveski.ee\/en\/wp-json\/wp\/v2\/product_cat?post=1767"},{"taxonomy":"product_tag","embeddable":true,"href":"https:\/\/pipraveski.ee\/en\/wp-json\/wp\/v2\/product_tag?post=1767"}],"curies":[{"name":"wp","href":"https:\/\/api.w.org\/{rel}","templated":true}]}}