{"id":1766,"date":"2025-10-22T19:07:28","date_gmt":"2025-10-22T16:07:28","guid":{"rendered":"https:\/\/pipraveski.ee\/?post_type=product&#038;p=1766"},"modified":"2026-04-17T11:31:59","modified_gmt":"2026-04-17T08:31:59","slug":"oregano-kulmkuivatatud-11g","status":"publish","type":"product","link":"https:\/\/pipraveski.ee\/en\/product\/oregano-kulmkuivatatud-11g\/","title":{"rendered":"Oregano, freeze-dried, HELA, 11g"},"content":{"rendered":"<p>Stronger flavour than regular dried herbs.<br \/>\nFreeze-dried herbs can be added dry to dishes. Do not add during heating!<br \/>\nFor best results, moisten the herbs with water before adding them to food.<\/p>\n<p>11g toodet vastab 108g v\u00e4rskele oreganole.<br \/>\n55g toodet vastab 495g v\u00e4rskele oreganole.<\/p>\n<p>Kasutamine: pizzad, tomati- ja kapsatoidud, prae- ja grillliha ning kala.<\/p>","protected":false},"excerpt":{"rendered":"<p>Tugevama maitsega kui tavalise kuivatusega \u00fcrdid. K\u00fclmkuivatatud \u00fcrte v\u00f5ib lisada roogadele kuivalt. Mitte lisada kuumutamise ajal! Parima tulemuse saate kui niisutate \u00fcrte enne toidule lisamist veega. 11g toodet vastab 108g v\u00e4rskele oreganole. 55g toodet vastab 495g v\u00e4rskele oreganole. Kasutamine: pizzad, tomati- ja kapsatoidud, prae- ja grillliha ning kala.<\/p>","protected":false},"featured_media":1796,"template":"","meta":[],"product_brand":[244],"product_cat":[305],"product_tag":[],"class_list":{"0":"post-1766","1":"product","2":"type-product","3":"status-publish","4":"has-post-thumbnail","6":"product_brand-hela","7":"product_cat-urdid-kulmkuivatatud-urdid","9":"first","10":"outofstock","11":"taxable","12":"shipping-taxable","13":"purchasable","14":"product-type-simple"},"_links":{"self":[{"href":"https:\/\/pipraveski.ee\/en\/wp-json\/wp\/v2\/product\/1766","targetHints":{"allow":["GET"]}}],"collection":[{"href":"https:\/\/pipraveski.ee\/en\/wp-json\/wp\/v2\/product"}],"about":[{"href":"https:\/\/pipraveski.ee\/en\/wp-json\/wp\/v2\/types\/product"}],"wp:featuredmedia":[{"embeddable":true,"href":"https:\/\/pipraveski.ee\/en\/wp-json\/wp\/v2\/media\/1796"}],"wp:attachment":[{"href":"https:\/\/pipraveski.ee\/en\/wp-json\/wp\/v2\/media?parent=1766"}],"wp:term":[{"taxonomy":"product_brand","embeddable":true,"href":"https:\/\/pipraveski.ee\/en\/wp-json\/wp\/v2\/product_brand?post=1766"},{"taxonomy":"product_cat","embeddable":true,"href":"https:\/\/pipraveski.ee\/en\/wp-json\/wp\/v2\/product_cat?post=1766"},{"taxonomy":"product_tag","embeddable":true,"href":"https:\/\/pipraveski.ee\/en\/wp-json\/wp\/v2\/product_tag?post=1766"}],"curies":[{"name":"wp","href":"https:\/\/api.w.org\/{rel}","templated":true}]}}