{"id":1749,"date":"2025-10-22T19:07:27","date_gmt":"2025-10-22T16:07:27","guid":{"rendered":"https:\/\/pipraveski.ee\/?post_type=product&#038;p=1749"},"modified":"2026-04-17T11:32:52","modified_gmt":"2026-04-17T08:32:52","slug":"seened-shiitake-100g","status":"publish","type":"product","link":"https:\/\/pipraveski.ee\/en\/product\/seened-shiitake-100g\/","title":{"rendered":"Seeded, Shiitake, 100g"},"content":{"rendered":"<p>Shiitake seentel on iseloomulik seenemaitse, mis ulatub mahedast kuni rikkaliku ja t\u00e4idlaseni. Shiitake seened on populaarsed Aasia k\u00f6\u00f6gis ja on j\u00e4rk-j\u00e4rgult muutunud populaarseks ka mujal maailmas. K\u00f6\u00f6gis saab Shiitake seeni kasutada mitmel viisil, lisades neid suppidele, kastmetele ja erinevatele roogadele.&nbsp;<br \/>\nKasutamisjuhised: \u00c4ra s\u00f6\u00f6 toorelt! Aseta seened 80* vette v\u00e4hemalt 10-ks minutiks. Seej\u00e4rel kalla vesi \u00e4ra ning loputa seened v\u00e4rske, puhta veega. Lisa toidule.<\/p>\n<p><span style=\"font-size: 13px\">Nutrition information per 100g:<\/span><br style=\"font-size: 13px\" \/><br \/>\n<span style=\"font-size: 13px\">Energiasisaldus 883 kJ \/ 221 kcal<\/span><br style=\"font-size: 13px\" \/><br \/>\n<span style=\"font-size: 13px\">Rasvad 1,2g<\/span><br style=\"font-size: 13px\" \/><br \/>\n<span style=\"font-size: 13px\">of which saturated fatty acids 0g<\/span><br style=\"font-size: 13px\" \/><br \/>\n<span style=\"font-size: 13px\">S\u00fcsivesikud 30 g<\/span><br style=\"font-size: 13px\" \/><br \/>\n<span style=\"font-size: 13px\">millest suhkrud 3 g<\/span><br style=\"font-size: 13px\" \/><br \/>\n<span style=\"font-size: 13px\">Valgud 20 g<\/span><br style=\"font-size: 13px\" \/><br \/>\n<span style=\"font-size: 13px\">Sool 0,03 g<\/p>\n<p>Country of origin: China<\/span><\/p>","protected":false},"excerpt":{"rendered":"<p>Shiitake seened p\u00e4rinevad Aasiast, t\u00e4psemalt Jaapanist, Hiinast ja Koreast. Need on populaarsed oma iseloomuliku maitseprofiili poolest. <\/p>","protected":false},"featured_media":1779,"template":"","meta":[],"product_brand":[],"product_cat":[321],"product_tag":[],"class_list":{"0":"post-1749","1":"product","2":"type-product","3":"status-publish","4":"has-post-thumbnail","6":"product_cat-seemned-marjad-seened-jmt","8":"first","9":"outofstock","10":"taxable","11":"shipping-taxable","12":"purchasable","13":"product-type-simple"},"_links":{"self":[{"href":"https:\/\/pipraveski.ee\/en\/wp-json\/wp\/v2\/product\/1749","targetHints":{"allow":["GET"]}}],"collection":[{"href":"https:\/\/pipraveski.ee\/en\/wp-json\/wp\/v2\/product"}],"about":[{"href":"https:\/\/pipraveski.ee\/en\/wp-json\/wp\/v2\/types\/product"}],"wp:featuredmedia":[{"embeddable":true,"href":"https:\/\/pipraveski.ee\/en\/wp-json\/wp\/v2\/media\/1779"}],"wp:attachment":[{"href":"https:\/\/pipraveski.ee\/en\/wp-json\/wp\/v2\/media?parent=1749"}],"wp:term":[{"taxonomy":"product_brand","embeddable":true,"href":"https:\/\/pipraveski.ee\/en\/wp-json\/wp\/v2\/product_brand?post=1749"},{"taxonomy":"product_cat","embeddable":true,"href":"https:\/\/pipraveski.ee\/en\/wp-json\/wp\/v2\/product_cat?post=1749"},{"taxonomy":"product_tag","embeddable":true,"href":"https:\/\/pipraveski.ee\/en\/wp-json\/wp\/v2\/product_tag?post=1749"}],"curies":[{"name":"wp","href":"https:\/\/api.w.org\/{rel}","templated":true}]}}